{"id":5845,"date":"2018-12-19T10:15:07","date_gmt":"2018-12-19T09:15:07","guid":{"rendered":"https:\/\/2F2DE917-8F98-45EB-B49E-B5825C858CC5"},"modified":"2019-02-13T18:18:58","modified_gmt":"2019-02-13T17:18:58","slug":"portfolio","status":"publish","type":"page","link":"https:\/\/dipos.rs\/en\/what-we-do\/portfolio\/","title":{"rendered":"Portfolio"},"content":{"rendered":"<p>[et_pb_section bb_built=&#8217;1&#8242; _builder_version=&#8217;3.17.1&#8242; background_image=&#8217;https:\/\/dipos.rs\/wp-content\/uploads\/2018\/12\/bgd-header-what-we-do.jpg&#8217; custom_padding=&#8217;||220px|&#8217; module_class=&#8217;section-header&#8217; next_background_color=&#8217;#ffffff&#8217;][et_pb_row background_position=&#8217;top_left&#8217; background_repeat=&#8217;repeat&#8217; background_size=&#8217;initial&#8217;][et_pb_column type=&#8217;4_4&#8242;][et_pb_text admin_label=&#8217;Section heading&#8217; _builder_version=&#8217;3.17.1&#8242; header_font=&#8217;|800|||||||&#8217; header_text_align=&#8217;center&#8217; header_text_color=&#8217;#ffffff&#8217; header_text_shadow_style=&#8217;preset2&#8242; header_font_size=&#8217;60px&#8217; header_text_shadow_blur_strength=&#8217;0.3em&#8217; header_font_size_tablet=&#8217;40px&#8217; header_font_size_last_edited=&#8217;on|tablet&#8217;]<\/p>\n<h1>PORTFOLIO<\/h1>\n<p>[\/et_pb_text][\/et_pb_column][\/et_pb_row][\/et_pb_section][et_pb_section bb_built=&#8217;1&#8242; specialty=&#8217;off&#8217; prev_background_color=&#8217;#000000&#8242; _builder_version=&#8217;3.17.1&#8242; custom_padding=&#8217;0px||190px|&#8217; module_class=&#8217;portfolio&#8217; custom_margin_tablet=&#8217;-50px|||&#8217; custom_margin_last_edited=&#8217;on|tablet&#8217;][et_pb_row _builder_version=&#8217;3.17.1&#8242; custom_padding=&#8217;0px|||&#8217; module_class_1=&#8217;portfolio-first-row&#8217; module_class_2=&#8217;portfolio-second-row&#8217;][et_pb_column type=&#8217;1_2&#8242;][et_pb_text admin_label=&#8217;Header mobile&#8217; _builder_version=&#8217;3.17.1&#8242; header_2_font=&#8217;|600|||||||&#8217; header_2_font_size=&#8217;35px&#8217; header_2_font_size_tablet=&#8217;30px&#8217; header_2_font_size_last_edited=&#8217;on|desktop&#8217; header_2_line_height=&#8217;40px&#8217; header_2_line_height_tablet=&#8217;35px&#8217; header_2_line_height_last_edited=&#8217;on|tablet&#8217; header_2_text_color=&#8217;#005a96&#8242; module_class=&#8217;portfolio-header&#8217; disabled=&#8217;off&#8217; disabled_on=&#8217;off||on&#8217; link_text_color=&#8217;#005a96&#8242;]<\/p>\n<h2><a href=\"https:\/\/dipos.rs\/en\/what-we-do\/portfolio\/center\/\">Center<\/a><\/h2>\n<p>[\/et_pb_text][et_pb_image _builder_version=&#8217;3.17.1&#8242; src=&#8217;https:\/\/dipos.rs\/wp-content\/uploads\/2018\/12\/centar-32.jpg&#8217; module_class=&#8217;porftolio-image&#8217; \/][et_pb_image _builder_version=&#8217;3.17.1&#8242; src=&#8217;https:\/\/dipos.rs\/wp-content\/uploads\/2018\/12\/centar-35.jpg&#8217; module_class=&#8217;porftolio-image&#8217; \/][et_pb_image _builder_version=&#8217;3.17.1&#8242; src=&#8217;https:\/\/dipos.rs\/wp-content\/uploads\/2018\/12\/centar-26.jpg&#8217; module_class=&#8217;porftolio-image&#8217; \/][et_pb_image _builder_version=&#8217;3.17.1&#8242; src=&#8217;https:\/\/dipos.rs\/wp-content\/uploads\/2018\/12\/centar-12.jpg&#8217; module_class=&#8217;porftolio-image&#8217; \/][et_pb_text admin_label=&#8217;Header&#8217; _builder_version=&#8217;3.17.1&#8242; header_2_font=&#8217;|600|||||||&#8217; header_2_font_size=&#8217;35px&#8217; header_2_font_size_tablet=&#8217;30px&#8217; header_2_font_size_last_edited=&#8217;on|desktop&#8217; header_2_line_height=&#8217;40px&#8217; header_2_line_height_tablet=&#8217;35px&#8217; header_2_line_height_last_edited=&#8217;on|tablet&#8217; header_2_text_color=&#8217;#005a96&#8242; module_class=&#8217;portfolio-header&#8217; disabled=&#8217;off&#8217; disabled_on=&#8217;on|on|&#8217; link_text_color=&#8217;#005a96&#8242;]<\/p>\n<h2><a href=\"https:\/\/dipos.rs\/en\/what-we-do\/portfolio\/center\/\">Center<\/a><\/h2>\n<p>[\/et_pb_text][\/et_pb_column][et_pb_column type=&#8217;1_2&#8242;][et_pb_text admin_label=&#8217;Header mobile&#8217; _builder_version=&#8217;3.17.1&#8242; header_2_font=&#8217;|600|||||||&#8217; header_2_font_size=&#8217;35px&#8217; header_2_font_size_tablet=&#8217;30px&#8217; header_2_font_size_last_edited=&#8217;on|desktop&#8217; header_2_line_height=&#8217;40px&#8217; header_2_line_height_tablet=&#8217;35px&#8217; header_2_line_height_last_edited=&#8217;on|tablet&#8217; header_2_text_color=&#8217;#005a96&#8242; module_class=&#8217;portfolio-header&#8217; disabled=&#8217;off&#8217; disabled_on=&#8217;||on&#8217; link_text_color=&#8217;#005a96&#8242;]<\/p>\n<h2><a href=\"https:\/\/dipos.rs\/en\/what-we-do\/portfolio\/dedinje\/\">Dedinje<\/a><\/h2>\n<p>[\/et_pb_text][et_pb_image _builder_version=&#8217;3.17.1&#8242; src=&#8217;https:\/\/dipos.rs\/wp-content\/uploads\/2018\/12\/dedinje-1.jpg&#8217; module_class=&#8217;porftolio-image&#8217; \/][et_pb_image _builder_version=&#8217;3.17.1&#8242; src=&#8217;https:\/\/dipos.rs\/wp-content\/uploads\/2018\/12\/dedinje-19.jpg&#8217; module_class=&#8217;porftolio-image&#8217; \/][et_pb_image _builder_version=&#8217;3.17.1&#8242; src=&#8217;https:\/\/dipos.rs\/wp-content\/uploads\/2018\/12\/dedinje-22.jpg&#8217; module_class=&#8217;porftolio-image&#8217; \/][et_pb_image _builder_version=&#8217;3.17.1&#8242; src=&#8217;https:\/\/dipos.rs\/wp-content\/uploads\/2018\/12\/dedinje-7.jpg&#8217; module_class=&#8217;porftolio-image&#8217; \/][et_pb_text admin_label=&#8217;Header&#8217; _builder_version=&#8217;3.17.1&#8242; header_2_font=&#8217;|600|||||||&#8217; header_2_font_size=&#8217;35px&#8217; header_2_font_size_tablet=&#8217;30px&#8217; header_2_font_size_last_edited=&#8217;on|desktop&#8217; header_2_line_height=&#8217;40px&#8217; header_2_line_height_tablet=&#8217;35px&#8217; header_2_line_height_last_edited=&#8217;on|tablet&#8217; header_2_text_color=&#8217;#005a96&#8242; module_class=&#8217;portfolio-header&#8217; disabled=&#8217;off&#8217; disabled_on=&#8217;on|on|&#8217; link_text_color=&#8217;#005a96&#8242;]<\/p>\n<h2><a href=\"https:\/\/dipos.rs\/en\/what-we-do\/portfolio\/dedinje\/\">Dedinje<\/a><\/h2>\n<p>[\/et_pb_text][\/et_pb_column][\/et_pb_row][et_pb_row _builder_version=&#8217;3.17.1&#8242; custom_padding=&#8217;0px|||&#8217; module_class_1=&#8217;portfolio-first-row&#8217; module_class_2=&#8217;portfolio-second-row&#8217;][et_pb_column type=&#8217;1_2&#8242;][et_pb_text admin_label=&#8217;Header mobile&#8217; _builder_version=&#8217;3.17.1&#8242; header_2_font=&#8217;|600|||||||&#8217; header_2_font_size=&#8217;35px&#8217; header_2_font_size_tablet=&#8217;30px&#8217; header_2_font_size_last_edited=&#8217;on|desktop&#8217; header_2_line_height=&#8217;40px&#8217; header_2_line_height_tablet=&#8217;35px&#8217; header_2_line_height_last_edited=&#8217;on|tablet&#8217; header_2_text_color=&#8217;#005a96&#8242; module_class=&#8217;portfolio-header&#8217; disabled=&#8217;off&#8217; disabled_on=&#8217;||on&#8217; link_text_color=&#8217;#005a96&#8242;]<\/p>\n<h2><a href=\"https:\/\/dipos.rs\/en\/what-we-do\/portfolio\/diplomatic-colony-banovo-brdo\/\">Diplomatic Colony &#8211; Banovo brdo<\/a><\/h2>\n<p>[\/et_pb_text][et_pb_image _builder_version=&#8217;3.17.1&#8242; src=&#8217;https:\/\/dipos.rs\/wp-content\/uploads\/2018\/12\/dip-kol-kosutnjak-14.jpg&#8217; module_class=&#8217;porftolio-image&#8217; \/][et_pb_image _builder_version=&#8217;3.17.1&#8242; src=&#8217;https:\/\/dipos.rs\/wp-content\/uploads\/2018\/12\/dip-kolonija-kosutnjak-10.jpg&#8217; module_class=&#8217;porftolio-image&#8217; \/][et_pb_image _builder_version=&#8217;3.17.1&#8242; src=&#8217;https:\/\/dipos.rs\/wp-content\/uploads\/2018\/12\/dip-kolonija-kosutnjak-4.jpg&#8217; module_class=&#8217;porftolio-image&#8217; \/][et_pb_image _builder_version=&#8217;3.17.1&#8242; src=&#8217;https:\/\/dipos.rs\/wp-content\/uploads\/2018\/12\/dip-kolonija-kosutnjak-7.jpg&#8217; module_class=&#8217;porftolio-image&#8217; \/][et_pb_text admin_label=&#8217;Header&#8217; _builder_version=&#8217;3.17.1&#8242; header_2_font=&#8217;|600|||||||&#8217; header_2_font_size=&#8217;35px&#8217; header_2_font_size_tablet=&#8217;30px&#8217; header_2_font_size_last_edited=&#8217;on|desktop&#8217; header_2_line_height=&#8217;40px&#8217; header_2_line_height_tablet=&#8217;35px&#8217; header_2_line_height_last_edited=&#8217;on|tablet&#8217; header_2_text_color=&#8217;#005a96&#8242; module_class=&#8217;portfolio-header&#8217; disabled=&#8217;off&#8217; disabled_on=&#8217;on|on|&#8217; link_text_color=&#8217;#005a96&#8242;]<\/p>\n<h2><a href=\"https:\/\/dipos.rs\/en\/what-we-do\/portfolio\/diplomatic-colony-banovo-brdo\/\">Diplomatic Colony &#8211; Banovo brdo<\/a><\/h2>\n<p>[\/et_pb_text][\/et_pb_column][et_pb_column type=&#8217;1_2&#8242;][et_pb_text admin_label=&#8217;Header mobile&#8217; _builder_version=&#8217;3.17.1&#8242; header_2_font=&#8217;|600|||||||&#8217; header_2_font_size=&#8217;35px&#8217; header_2_font_size_tablet=&#8217;30px&#8217; header_2_font_size_last_edited=&#8217;on|desktop&#8217; header_2_line_height=&#8217;40px&#8217; header_2_line_height_tablet=&#8217;35px&#8217; header_2_line_height_last_edited=&#8217;on|tablet&#8217; header_2_text_color=&#8217;#005a96&#8242; module_class=&#8217;portfolio-header&#8217; disabled=&#8217;off&#8217; disabled_on=&#8217;||on&#8217; link_text_color=&#8217;#005a96&#8242;]<\/p>\n<h2><a href=\"https:\/\/dipos.rs\/en\/what-we-do\/portfolio\/diplomatic-colony-dedinje\/\">Diplomatic Colony &#8211; Dedinje<\/a><\/h2>\n<p>[\/et_pb_text][et_pb_image _builder_version=&#8217;3.17.1&#8242; src=&#8217;https:\/\/dipos.rs\/wp-content\/uploads\/2018\/12\/dip-kolonija-dedinje-2.jpg&#8217; module_class=&#8217;porftolio-image&#8217; \/][et_pb_image _builder_version=&#8217;3.17.1&#8242; src=&#8217;https:\/\/dipos.rs\/wp-content\/uploads\/2018\/12\/dip-kolonija-dedinje-3.jpg&#8217; module_class=&#8217;porftolio-image&#8217; \/][et_pb_image _builder_version=&#8217;3.17.1&#8242; src=&#8217;https:\/\/dipos.rs\/wp-content\/uploads\/2018\/12\/dip-kolonija-dedinje-8.jpg&#8217; module_class=&#8217;porftolio-image&#8217; \/][et_pb_image _builder_version=&#8217;3.17.1&#8242; src=&#8217;https:\/\/dipos.rs\/wp-content\/uploads\/2018\/12\/dip-kolonija-dedinje-9.jpg&#8217; module_class=&#8217;porftolio-image&#8217; \/][et_pb_text admin_label=&#8217;Header&#8217; _builder_version=&#8217;3.17.1&#8242; header_2_font=&#8217;|600|||||||&#8217; header_2_font_size=&#8217;35px&#8217; header_2_font_size_tablet=&#8217;30px&#8217; header_2_font_size_last_edited=&#8217;on|desktop&#8217; header_2_line_height=&#8217;40px&#8217; header_2_line_height_tablet=&#8217;35px&#8217; header_2_line_height_last_edited=&#8217;on|tablet&#8217; header_2_text_color=&#8217;#005a96&#8242; module_class=&#8217;portfolio-header&#8217; disabled=&#8217;off&#8217; disabled_on=&#8217;on|on|&#8217; link_text_color=&#8217;#005a96&#8242;]<\/p>\n<h2><a href=\"https:\/\/dipos.rs\/en\/what-we-do\/portfolio\/diplomatic-colony-dedinje\/\">Diplomatic Colony &#8211; Dedinje<\/a><\/h2>\n<p>[\/et_pb_text][\/et_pb_column][\/et_pb_row][et_pb_row _builder_version=&#8217;3.17.1&#8242; custom_padding=&#8217;0px|||&#8217; module_class_1=&#8217;portfolio-first-row&#8217; module_class_2=&#8217;portfolio-second-row&#8217;][et_pb_column type=&#8217;1_2&#8242;][et_pb_text admin_label=&#8217;Header mobile&#8217; _builder_version=&#8217;3.17.1&#8242; header_2_font=&#8217;|600|||||||&#8217; header_2_font_size=&#8217;35px&#8217; header_2_font_size_tablet=&#8217;30px&#8217; header_2_font_size_last_edited=&#8217;on|desktop&#8217; header_2_line_height=&#8217;40px&#8217; header_2_line_height_tablet=&#8217;35px&#8217; header_2_line_height_last_edited=&#8217;on|tablet&#8217; header_2_text_color=&#8217;#005a96&#8242; module_class=&#8217;portfolio-header&#8217; disabled=&#8217;off&#8217; disabled_on=&#8217;||on&#8217; link_text_color=&#8217;#005a96&#8242;]<\/p>\n<h2><a href=\"https:\/\/dipos.rs\/en\/what-we-do\/portfolio\/senjak\/\">Senjak<\/a><\/h2>\n<p>[\/et_pb_text][et_pb_image _builder_version=&#8217;3.17.1&#8242; src=&#8217;https:\/\/dipos.rs\/wp-content\/uploads\/2018\/12\/senjak-1.jpg&#8217; module_class=&#8217;porftolio-image&#8217; \/][et_pb_image _builder_version=&#8217;3.17.1&#8242; src=&#8217;https:\/\/dipos.rs\/wp-content\/uploads\/2018\/12\/senjak-3.jpg&#8217; module_class=&#8217;porftolio-image&#8217; \/][et_pb_image _builder_version=&#8217;3.17.1&#8242; src=&#8217;https:\/\/dipos.rs\/wp-content\/uploads\/2018\/12\/senjak-12.jpg&#8217; module_class=&#8217;porftolio-image&#8217; \/][et_pb_image _builder_version=&#8217;3.17.1&#8242; src=&#8217;https:\/\/dipos.rs\/wp-content\/uploads\/2018\/12\/senjak-17.jpg&#8217; module_class=&#8217;porftolio-image&#8217; \/][et_pb_text admin_label=&#8217;Header&#8217; _builder_version=&#8217;3.17.1&#8242; header_2_font=&#8217;|600|||||||&#8217; header_2_font_size=&#8217;35px&#8217; header_2_font_size_tablet=&#8217;30px&#8217; header_2_font_size_last_edited=&#8217;on|desktop&#8217; header_2_line_height=&#8217;40px&#8217; header_2_line_height_tablet=&#8217;35px&#8217; header_2_line_height_last_edited=&#8217;on|tablet&#8217; header_2_text_color=&#8217;#005a96&#8242; module_class=&#8217;portfolio-header&#8217; disabled=&#8217;off&#8217; disabled_on=&#8217;on|on|&#8217; link_text_color=&#8217;#005a96&#8242;]<\/p>\n<h2><a href=\"https:\/\/dipos.rs\/en\/what-we-do\/portfolio\/senjak\/\">Senjak<\/a><\/h2>\n<p>[\/et_pb_text][\/et_pb_column][et_pb_column type=&#8217;1_2&#8242;][et_pb_text admin_label=&#8217;Header mobile&#8217; _builder_version=&#8217;3.17.1&#8242; header_2_font=&#8217;|600|||||||&#8217; header_2_font_size=&#8217;35px&#8217; header_2_font_size_tablet=&#8217;30px&#8217; header_2_font_size_last_edited=&#8217;on|desktop&#8217; header_2_line_height=&#8217;40px&#8217; header_2_line_height_tablet=&#8217;35px&#8217; header_2_line_height_last_edited=&#8217;on|tablet&#8217; header_2_text_color=&#8217;#005a96&#8242; module_class=&#8217;portfolio-header&#8217; disabled=&#8217;off&#8217; disabled_on=&#8217;||on&#8217; link_text_color=&#8217;#005a96&#8242;]<\/p>\n<h2><a href=\"https:\/\/dipos.rs\/en\/what-we-do\/portfolio\/zvezdara\/\">Zvezdara<\/a><\/h2>\n<p>[\/et_pb_text][et_pb_image _builder_version=&#8217;3.17.1&#8242; src=&#8217;https:\/\/dipos.rs\/wp-content\/uploads\/2018\/12\/zvezdara-1.jpg&#8217; module_class=&#8217;porftolio-image&#8217; \/][et_pb_image _builder_version=&#8217;3.17.1&#8242; src=&#8217;https:\/\/dipos.rs\/wp-content\/uploads\/2018\/12\/zvezdara-2.jpg&#8217; module_class=&#8217;porftolio-image&#8217; \/][et_pb_image _builder_version=&#8217;3.17.1&#8242; src=&#8217;https:\/\/dipos.rs\/wp-content\/uploads\/2018\/12\/zvezdara-3.jpg&#8217; module_class=&#8217;porftolio-image&#8217; \/][et_pb_image _builder_version=&#8217;3.17.1&#8242; src=&#8217;https:\/\/dipos.rs\/wp-content\/uploads\/2018\/12\/zvezdara-4.jpg&#8217; module_class=&#8217;porftolio-image&#8217; \/][et_pb_text admin_label=&#8217;Header&#8217; _builder_version=&#8217;3.17.1&#8242; header_2_font=&#8217;|600|||||||&#8217; header_2_font_size=&#8217;35px&#8217; header_2_font_size_tablet=&#8217;30px&#8217; header_2_font_size_last_edited=&#8217;on|desktop&#8217; header_2_line_height=&#8217;40px&#8217; header_2_line_height_tablet=&#8217;35px&#8217; header_2_line_height_last_edited=&#8217;on|tablet&#8217; header_2_text_color=&#8217;#005a96&#8242; module_class=&#8217;portfolio-header&#8217; disabled=&#8217;off&#8217; disabled_on=&#8217;on|on|&#8217; link_text_color=&#8217;#005a96&#8242;]<\/p>\n<h2><a href=\"https:\/\/dipos.rs\/en\/what-we-do\/portfolio\/zvezdara\/\">Zvezdara<\/a><\/h2>\n<p>[\/et_pb_text][\/et_pb_column][\/et_pb_row][\/et_pb_section]<\/p>\n","protected":false},"excerpt":{"rendered":"<p>PORTFOLIO Center Center Dedinje Dedinje Diplomatic Colony &#8211; Banovo brdo Diplomatic Colony &#8211; Banovo brdo Diplomatic Colony &#8211; Dedinje Diplomatic Colony &#8211; Dedinje Senjak Senjak Zvezdara Zvezdara<\/p>\n","protected":false},"author":8,"featured_media":0,"parent":6201,"menu_order":0,"comment_status":"closed","ping_status":"closed","template":"","meta":{"_et_pb_use_builder":"on","_et_pb_old_content":"","_et_gb_content_width":"","inline_featured_image":false,"footnotes":""},"class_list":["post-5845","page","type-page","status-publish","hentry"],"yoast_head":"<!-- This site is optimized with the Yoast SEO Premium plugin v22.2 (Yoast SEO v27.4) - https:\/\/yoast.com\/product\/yoast-seo-premium-wordpress\/ -->\n<title>Portfolio - Dipos<\/title>\n<meta name=\"robots\" content=\"index, follow, max-snippet:-1, max-image-preview:large, max-video-preview:-1\" \/>\n<link rel=\"canonical\" href=\"https:\/\/dipos.rs\/en\/what-we-do\/portfolio\/\" \/>\n<meta property=\"og:locale\" content=\"en_US\" \/>\n<meta property=\"og:type\" content=\"article\" \/>\n<meta property=\"og:title\" content=\"Portfolio\" \/>\n<meta property=\"og:description\" content=\"PORTFOLIO Center Center Dedinje Dedinje Diplomatic Colony - Banovo brdo Diplomatic Colony - Banovo brdo Diplomatic Colony - Dedinje Diplomatic Colony - Dedinje Senjak Senjak Zvezdara Zvezdara\" \/>\n<meta property=\"og:url\" content=\"https:\/\/dipos.rs\/en\/what-we-do\/portfolio\/\" \/>\n<meta property=\"og:site_name\" content=\"Dipos\" \/>\n<meta property=\"article:modified_time\" content=\"2019-02-13T17:18:58+00:00\" \/>\n<meta property=\"og:image\" content=\"https:\/\/dipos.rs\/wp-content\/uploads\/2022\/04\/logo-plavi.png\" \/>\n\t<meta property=\"og:image:width\" content=\"380\" \/>\n\t<meta property=\"og:image:height\" content=\"280\" \/>\n\t<meta property=\"og:image:type\" content=\"image\/png\" \/>\n<meta name=\"twitter:card\" content=\"summary_large_image\" \/>\n<meta name=\"twitter:label1\" content=\"Est. reading time\" \/>\n\t<meta name=\"twitter:data1\" content=\"8 minutes\" \/>\n<script type=\"application\/ld+json\" class=\"yoast-schema-graph\">{\"@context\":\"https:\\\/\\\/schema.org\",\"@graph\":[{\"@type\":\"WebPage\",\"@id\":\"https:\\\/\\\/dipos.rs\\\/en\\\/what-we-do\\\/portfolio\\\/\",\"url\":\"https:\\\/\\\/dipos.rs\\\/en\\\/what-we-do\\\/portfolio\\\/\",\"name\":\"Portfolio - Dipos\",\"isPartOf\":{\"@id\":\"https:\\\/\\\/dipos.rs\\\/en\\\/#website\"},\"datePublished\":\"2018-12-19T09:15:07+00:00\",\"dateModified\":\"2019-02-13T17:18:58+00:00\",\"breadcrumb\":{\"@id\":\"https:\\\/\\\/dipos.rs\\\/en\\\/what-we-do\\\/portfolio\\\/#breadcrumb\"},\"inLanguage\":\"en-US\",\"potentialAction\":[{\"@type\":\"ReadAction\",\"target\":[\"https:\\\/\\\/dipos.rs\\\/en\\\/what-we-do\\\/portfolio\\\/\"]}]},{\"@type\":\"BreadcrumbList\",\"@id\":\"https:\\\/\\\/dipos.rs\\\/en\\\/what-we-do\\\/portfolio\\\/#breadcrumb\",\"itemListElement\":[{\"@type\":\"ListItem\",\"position\":1,\"name\":\"Home\",\"item\":\"https:\\\/\\\/dipos.rs\\\/en\\\/\"},{\"@type\":\"ListItem\",\"position\":2,\"name\":\"What we do\",\"item\":\"https:\\\/\\\/dipos.rs\\\/en\\\/what-we-do\\\/\"},{\"@type\":\"ListItem\",\"position\":3,\"name\":\"Portfolio\"}]},{\"@type\":\"WebSite\",\"@id\":\"https:\\\/\\\/dipos.rs\\\/en\\\/#website\",\"url\":\"https:\\\/\\\/dipos.rs\\\/en\\\/\",\"name\":\"\u0414\u0438\u043f\u043e\u0441\",\"description\":\"Privredno dru\u0161tvo koje se bavi upravljanjem, izdavanjem i odr\u017eavanjem nekretnina u vlasni\u0161tvu Republike Srbije\",\"publisher\":{\"@id\":\"https:\\\/\\\/dipos.rs\\\/en\\\/#organization\"},\"potentialAction\":[{\"@type\":\"SearchAction\",\"target\":{\"@type\":\"EntryPoint\",\"urlTemplate\":\"https:\\\/\\\/dipos.rs\\\/en\\\/?s={search_term_string}\"},\"query-input\":{\"@type\":\"PropertyValueSpecification\",\"valueRequired\":true,\"valueName\":\"search_term_string\"}}],\"inLanguage\":\"en-US\"},{\"@type\":\"Organization\",\"@id\":\"https:\\\/\\\/dipos.rs\\\/en\\\/#organization\",\"name\":\"\u0414\u0438\u043f\u043e\u0441\",\"url\":\"https:\\\/\\\/dipos.rs\\\/en\\\/\",\"logo\":{\"@type\":\"ImageObject\",\"inLanguage\":\"en-US\",\"@id\":\"https:\\\/\\\/dipos.rs\\\/en\\\/#\\\/schema\\\/logo\\\/image\\\/\",\"url\":\"https:\\\/\\\/dipos.rs\\\/wp-content\\\/uploads\\\/2022\\\/04\\\/logo-plavi.png\",\"contentUrl\":\"https:\\\/\\\/dipos.rs\\\/wp-content\\\/uploads\\\/2022\\\/04\\\/logo-plavi.png\",\"width\":380,\"height\":280,\"caption\":\"\u0414\u0438\u043f\u043e\u0441\"},\"image\":{\"@id\":\"https:\\\/\\\/dipos.rs\\\/en\\\/#\\\/schema\\\/logo\\\/image\\\/\"}}]}<\/script>\n<!-- \/ Yoast SEO Premium plugin. -->","yoast_head_json":{"title":"Portfolio - Dipos","robots":{"index":"index","follow":"follow","max-snippet":"max-snippet:-1","max-image-preview":"max-image-preview:large","max-video-preview":"max-video-preview:-1"},"canonical":"https:\/\/dipos.rs\/en\/what-we-do\/portfolio\/","og_locale":"en_US","og_type":"article","og_title":"Portfolio","og_description":"PORTFOLIO Center Center Dedinje Dedinje Diplomatic Colony - Banovo brdo Diplomatic Colony - Banovo brdo Diplomatic Colony - Dedinje Diplomatic Colony - Dedinje Senjak Senjak Zvezdara Zvezdara","og_url":"https:\/\/dipos.rs\/en\/what-we-do\/portfolio\/","og_site_name":"Dipos","article_modified_time":"2019-02-13T17:18:58+00:00","og_image":[{"width":380,"height":280,"url":"https:\/\/dipos.rs\/wp-content\/uploads\/2022\/04\/logo-plavi.png","type":"image\/png"}],"twitter_card":"summary_large_image","twitter_misc":{"Est. reading time":"8 minutes"},"schema":{"@context":"https:\/\/schema.org","@graph":[{"@type":"WebPage","@id":"https:\/\/dipos.rs\/en\/what-we-do\/portfolio\/","url":"https:\/\/dipos.rs\/en\/what-we-do\/portfolio\/","name":"Portfolio - Dipos","isPartOf":{"@id":"https:\/\/dipos.rs\/en\/#website"},"datePublished":"2018-12-19T09:15:07+00:00","dateModified":"2019-02-13T17:18:58+00:00","breadcrumb":{"@id":"https:\/\/dipos.rs\/en\/what-we-do\/portfolio\/#breadcrumb"},"inLanguage":"en-US","potentialAction":[{"@type":"ReadAction","target":["https:\/\/dipos.rs\/en\/what-we-do\/portfolio\/"]}]},{"@type":"BreadcrumbList","@id":"https:\/\/dipos.rs\/en\/what-we-do\/portfolio\/#breadcrumb","itemListElement":[{"@type":"ListItem","position":1,"name":"Home","item":"https:\/\/dipos.rs\/en\/"},{"@type":"ListItem","position":2,"name":"What we do","item":"https:\/\/dipos.rs\/en\/what-we-do\/"},{"@type":"ListItem","position":3,"name":"Portfolio"}]},{"@type":"WebSite","@id":"https:\/\/dipos.rs\/en\/#website","url":"https:\/\/dipos.rs\/en\/","name":"\u0414\u0438\u043f\u043e\u0441","description":"Privredno dru\u0161tvo koje se bavi upravljanjem, izdavanjem i odr\u017eavanjem nekretnina u vlasni\u0161tvu Republike Srbije","publisher":{"@id":"https:\/\/dipos.rs\/en\/#organization"},"potentialAction":[{"@type":"SearchAction","target":{"@type":"EntryPoint","urlTemplate":"https:\/\/dipos.rs\/en\/?s={search_term_string}"},"query-input":{"@type":"PropertyValueSpecification","valueRequired":true,"valueName":"search_term_string"}}],"inLanguage":"en-US"},{"@type":"Organization","@id":"https:\/\/dipos.rs\/en\/#organization","name":"\u0414\u0438\u043f\u043e\u0441","url":"https:\/\/dipos.rs\/en\/","logo":{"@type":"ImageObject","inLanguage":"en-US","@id":"https:\/\/dipos.rs\/en\/#\/schema\/logo\/image\/","url":"https:\/\/dipos.rs\/wp-content\/uploads\/2022\/04\/logo-plavi.png","contentUrl":"https:\/\/dipos.rs\/wp-content\/uploads\/2022\/04\/logo-plavi.png","width":380,"height":280,"caption":"\u0414\u0438\u043f\u043e\u0441"},"image":{"@id":"https:\/\/dipos.rs\/en\/#\/schema\/logo\/image\/"}}]}},"_links":{"self":[{"href":"https:\/\/dipos.rs\/en\/wp-json\/wp\/v2\/pages\/5845","targetHints":{"allow":["GET"]}}],"collection":[{"href":"https:\/\/dipos.rs\/en\/wp-json\/wp\/v2\/pages"}],"about":[{"href":"https:\/\/dipos.rs\/en\/wp-json\/wp\/v2\/types\/page"}],"author":[{"embeddable":true,"href":"https:\/\/dipos.rs\/en\/wp-json\/wp\/v2\/users\/8"}],"replies":[{"embeddable":true,"href":"https:\/\/dipos.rs\/en\/wp-json\/wp\/v2\/comments?post=5845"}],"version-history":[{"count":0,"href":"https:\/\/dipos.rs\/en\/wp-json\/wp\/v2\/pages\/5845\/revisions"}],"up":[{"embeddable":true,"href":"https:\/\/dipos.rs\/en\/wp-json\/wp\/v2\/pages\/6201"}],"wp:attachment":[{"href":"https:\/\/dipos.rs\/en\/wp-json\/wp\/v2\/media?parent=5845"}],"curies":[{"name":"wp","href":"https:\/\/api.w.org\/{rel}","templated":true}]}}