{"id":5923,"date":"2018-11-14T16:45:20","date_gmt":"2018-11-14T15:45:20","guid":{"rendered":"https:\/\/7193C450-1211-4A92-BFD3-C6B2DBEEE9A6"},"modified":"2022-06-03T16:36:37","modified_gmt":"2022-06-03T14:36:37","slug":"hidden-gems","status":"publish","type":"page","link":"https:\/\/dipos.rs\/en\/who-we-are\/hidden-gems\/","title":{"rendered":"Hidden gems"},"content":{"rendered":"<p>[et_pb_section bb_built=&#8217;1&#8242; next_background_color=&#8217;#ffffff&#8217; _builder_version=&#8217;3.17.1&#8242; background_image=&#8217;https:\/\/dipos.rs\/wp-content\/uploads\/2018\/12\/bgd-header-hidden-gems.jpg&#8217; custom_padding=&#8217;||200px|&#8217; module_class=&#8217;section-header&#8217;][et_pb_row background_position=&#8217;top_left&#8217; background_repeat=&#8217;repeat&#8217; background_size=&#8217;initial&#8217;][et_pb_column type=&#8217;4_4&#8242;][et_pb_text admin_label=&#8217;Section heading&#8217; _builder_version=&#8217;3.17.1&#8242; header_font=&#8217;|800|||||||&#8217; header_text_align=&#8217;center&#8217; header_text_color=&#8217;#ffffff&#8217; header_text_shadow_style=&#8217;preset2&#8242; header_font_size=&#8217;60px&#8217; header_text_shadow_blur_strength=&#8217;0.3em&#8217; header_font_size_tablet=&#8217;40px&#8217; header_font_size_last_edited=&#8217;on|tablet&#8217;]<\/p>\n<h1>HIDDEN GEMS<\/h1>\n<p>[\/et_pb_text][\/et_pb_column][\/et_pb_row][\/et_pb_section][et_pb_section bb_built=&#8217;1&#8242; specialty=&#8217;off&#8217; prev_background_color=&#8217;#000000&#8242; _builder_version=&#8217;3.17.1&#8242; custom_padding=&#8217;0px|||&#8217; next_background_color=&#8217;#000000&#8242; custom_margin_tablet=&#8217;-70px|||&#8217; custom_margin_last_edited=&#8217;on|desktop&#8217; custom_padding_tablet=&#8217;0px||20px|&#8217; custom_padding_last_edited=&#8217;on|tablet&#8217;][et_pb_row _builder_version=&#8217;3.17.1&#8242; custom_padding=&#8217;0px|||&#8217; custom_margin=&#8217;||20px|&#8217; custom_margin_tablet=&#8217;||0px|&#8217; custom_margin_last_edited=&#8217;on|tablet&#8217; custom_padding_tablet=&#8217;0px||15px|&#8217; custom_padding_last_edited=&#8217;on|desktop&#8217;][et_pb_column type=&#8217;4_4&#8242;][et_pb_text _builder_version=&#8217;3.17.1&#8242; text_font=&#8217;|600|||||||&#8217; text_text_color=&#8217;#95793c&#8217; text_font_size=&#8217;18px&#8217; text_line_height=&#8217;30px&#8217; max_width=&#8217;65%&#8217; module_alignment=&#8217;center&#8217; text_orientation=&#8217;center&#8217; max_width_tablet=&#8217;100%&#8217; max_width_last_edited=&#8217;on|desktop&#8217;]<\/p>\n<p>We lease and manage an exclusive portfolio of villas, buildings and apartments, some of which represent Belgrade\u2019s architectural masterpieces and historical gems.<\/p>\n<p>[\/et_pb_text][\/et_pb_column][\/et_pb_row][et_pb_row _builder_version=&#8217;3.17.1&#8242; custom_margin=&#8217;||45px|&#8217; custom_margin_tablet=&#8217;||0px|&#8217; custom_margin_last_edited=&#8217;on|phone&#8217; custom_padding_tablet=&#8217;||15px|&#8217; custom_padding_last_edited=&#8217;on|tablet&#8217;][et_pb_column type=&#8217;4_4&#8242;][et_pb_text _builder_version=&#8217;3.17.1&#8242; text_font=&#8217;|300|||||||&#8217; text_text_color=&#8217;#808080&#8242; text_font_size=&#8217;16px&#8217; text_orientation=&#8217;center&#8217; max_width=&#8217;73%&#8217; module_alignment=&#8217;center&#8217; max_width_tablet=&#8217;100%&#8217; max_width_last_edited=&#8217;on|desktop&#8217;]<\/p>\n<p>Every property tells a story\u2026Often enough one can hear two different versions of a story about the same building. One is about how a building came to be and the circumstances by which it was built. The other is about the people who inhabited it or are in some way connected to it.<\/p>\n<p>Our property portfolio is full of such intriguing stories, which show the true value behind the heavy doors, thick walls and beautiful facades of these stunning properties.<\/p>\n<p>[\/et_pb_text][\/et_pb_column][\/et_pb_row][et_pb_row background_position=&#8217;top_left&#8217; background_repeat=&#8217;repeat&#8217; background_size=&#8217;initial&#8217; _builder_version=&#8217;3.17.1&#8242; custom_padding=&#8217;||0px|&#8217;][et_pb_column type=&#8217;4_4&#8242;][et_pb_text admin_label=&#8217;Header&#8217; _builder_version=&#8217;3.17.1&#8242; header_2_font=&#8217;|600|||||||&#8217; header_2_text_align=&#8217;center&#8217; header_2_text_color=&#8217;#d6b05e&#8217; header_2_font_size=&#8217;40px&#8217; header_2_font_size_tablet=&#8217;30px&#8217; header_2_font_size_last_edited=&#8217;on|tablet&#8217;]<\/p>\n<h2>STEP INSIDE<\/h2>\n<p>[\/et_pb_text][\/et_pb_column][\/et_pb_row][\/et_pb_section][et_pb_section bb_built=&#8217;1&#8242; specialty=&#8217;off&#8217; prev_background_color=&#8217;#ffffff&#8217; _builder_version=&#8217;3.17.1&#8242; use_background_color_gradient=&#8217;on&#8217; background_color_gradient_start=&#8217;#fdf4e1&#8242; background_color_gradient_end=&#8217;#fffaf2&#8242; background_color_gradient_direction=&#8217;135deg&#8217; next_background_color=&#8217;#ffffff&#8217; custom_padding_tablet=&#8217;20px||20px|&#8217; custom_padding_last_edited=&#8217;on|tablet&#8217;][et_pb_row background_position=&#8217;top_left&#8217; background_repeat=&#8217;repeat&#8217; background_size=&#8217;initial&#8217;][et_pb_column type=&#8217;4_4&#8242;][et_pb_text admin_label=&#8217;Featured gem view&#8217; _builder_version=&#8217;3.17.1&#8242; background_color_gradient_start=&#8217;#fdf4e1&#8242; background_color_gradient_end=&#8217;#fffaf2&#8242; background_color_gradient_direction=&#8217;135deg&#8217;]<\/p>\n\n\n\n<div id=\"wpv-view-layout-6199\" class=\"js-wpv-view-layout js-wpv-layout-responsive js-wpv-view-layout-6199\" data-viewnumber=\"6199\" data-pagination=\"{&quot;id&quot;:6199,&quot;query&quot;:&quot;normal&quot;,&quot;type&quot;:&quot;disabled&quot;,&quot;effect&quot;:&quot;fade&quot;,&quot;duration&quot;:500,&quot;speed&quot;:5,&quot;pause_on_hover&quot;:&quot;disabled&quot;,&quot;stop_rollover&quot;:&quot;false&quot;,&quot;cache_pages&quot;:&quot;enabled&quot;,&quot;preload_images&quot;:&quot;enabled&quot;,&quot;preload_pages&quot;:&quot;enabled&quot;,&quot;preload_reach&quot;:1,&quot;spinner&quot;:&quot;builtin&quot;,&quot;spinner_image&quot;:&quot;https:\/\/dipos.rs\/wp-content\/plugins\/wp-views\/embedded\/res\/img\/ajax-loader.gif&quot;,&quot;callback_next&quot;:&quot;&quot;,&quot;manage_history&quot;:&quot;enabled&quot;,&quot;has_controls_in_form&quot;:&quot;disabled&quot;,&quot;infinite_tolerance&quot;:&quot;0&quot;,&quot;max_pages&quot;:0,&quot;page&quot;:1,&quot;base_permalink&quot;:&quot;\/en\/wp-json\/wp\/v2\/pages\/5923?wpv_view_count=6199&amp;wpv_paged=WPV_PAGE_NUM&quot;,&quot;loop&quot;:{&quot;type&quot;:&quot;&quot;,&quot;name&quot;:&quot;&quot;,&quot;data&quot;:[],&quot;id&quot;:0}}\" data-permalink=\"\/en\/wp-json\/wp\/v2\/pages\/5923?wpv_view_count=6199\">\n\n\t\n\t\n\t<div class=\"featured-gem-wrapper\">\n\t\n      <div class=\"featured-gem-item\">\n\t\t<a href=\"https:\/\/dipos.rs\/en\/hidden-gem\/diplomatic-colony-in-dedinja\/\">\n<div class=\"hidden-gem-image\" style='background-image: url(https:\/\/dipos.rs\/wp-content\/uploads\/2018\/12\/dip-kol-dedinje-5-1024x682.jpg) '><\/div>\n<div class=\"info\">\n  <p class=\"title\">Diplomatic Colony in Dedinje<\/p>\n  <p class=\"subtitle\"><\/p>\n<\/div>\n<\/a>\n\n      <\/div>\n\t\n      <div class=\"featured-gem-item\">\n\t\t<a href=\"https:\/\/dipos.rs\/en\/hidden-gem\/diplomatic-colony-in-kosutnjak-2\/\">\n<div class=\"hidden-gem-image\" style='background-image: url(https:\/\/dipos.rs\/wp-content\/uploads\/2018\/12\/dip-kol-kosutnjak-7-1024x680.jpg) '><\/div>\n<div class=\"info\">\n  <p class=\"title\">Diplomatic Colony in Ko\u0161utnjak<\/p>\n  <p class=\"subtitle\"><\/p>\n<\/div>\n<\/a>\n\n      <\/div>\n\t\n<\/div>\n\t\n\t\n\t\n<\/div>\n\n<p>[\/et_pb_text][\/et_pb_column][\/et_pb_row][\/et_pb_section][et_pb_section bb_built=&#8217;1&#8242; specialty=&#8217;off&#8217; prev_background_color=&#8217;#000000&#8242; _builder_version=&#8217;3.17.1&#8242; custom_padding=&#8217;||190px|&#8217; custom_padding_tablet=&#8217;20px||190px|&#8217; custom_padding_last_edited=&#8217;on|tablet&#8217;][et_pb_row background_position=&#8217;top_left&#8217; background_repeat=&#8217;repeat&#8217; background_size=&#8217;initial&#8217;][et_pb_column type=&#8217;4_4&#8242;][et_pb_text admin_label=&#8217;Hidden gems view&#8217; _builder_version=&#8217;3.17.1&#8242;]<\/p>\n\n\n\n<div id=\"wpv-view-layout-5743\" class=\"js-wpv-view-layout js-wpv-layout-responsive js-wpv-view-layout-5743\" data-viewnumber=\"5743\" data-pagination=\"{&quot;id&quot;:5743,&quot;query&quot;:&quot;normal&quot;,&quot;type&quot;:&quot;disabled&quot;,&quot;effect&quot;:&quot;fade&quot;,&quot;duration&quot;:500,&quot;speed&quot;:5,&quot;pause_on_hover&quot;:&quot;disabled&quot;,&quot;stop_rollover&quot;:&quot;false&quot;,&quot;cache_pages&quot;:&quot;enabled&quot;,&quot;preload_images&quot;:&quot;enabled&quot;,&quot;preload_pages&quot;:&quot;enabled&quot;,&quot;preload_reach&quot;:1,&quot;spinner&quot;:&quot;builtin&quot;,&quot;spinner_image&quot;:&quot;https:\/\/dipos.rs\/wp-content\/plugins\/wp-views\/embedded\/res\/img\/ajax-loader.gif&quot;,&quot;callback_next&quot;:&quot;&quot;,&quot;manage_history&quot;:&quot;enabled&quot;,&quot;has_controls_in_form&quot;:&quot;disabled&quot;,&quot;infinite_tolerance&quot;:&quot;0&quot;,&quot;max_pages&quot;:0,&quot;page&quot;:1,&quot;base_permalink&quot;:&quot;\/en\/wp-json\/wp\/v2\/pages\/5923?wpv_view_count=5743&amp;wpv_paged=WPV_PAGE_NUM&quot;,&quot;loop&quot;:{&quot;type&quot;:&quot;&quot;,&quot;name&quot;:&quot;&quot;,&quot;data&quot;:[],&quot;id&quot;:0}}\" data-permalink=\"\/en\/wp-json\/wp\/v2\/pages\/5923?wpv_view_count=5743\">\n\n\t\n\t\n\t<div class=\"hidden-gem-wrapper\">\n\t\n      <div class=\"hidden-gem-item\">\n\t\t<a href=\"https:\/\/dipos.rs\/en\/hidden-gem\/bulevar-kneza-aleksandra-karadjordjevica-26\/\">\n<div class=\"hidden-gem-image\" style='background-image: url(https:\/\/dipos.rs\/wp-content\/uploads\/2018\/12\/bul-kneza-aleksandra-26-1-682x1024.jpg) '><\/div>\n<div class=\"info\">\n  <p class=\"title\">Bulevar kneza Aleksandra Kara\u0111or\u0111evi\u0107a 26<\/p>\n  <p class=\"subtitle\"><\/p>\n<\/div>\n<\/a>\n      <\/div>\n\t\n      <div class=\"hidden-gem-item\">\n\t\t<a href=\"https:\/\/dipos.rs\/en\/hidden-gem\/merchant-house-dusan-lazic\/\">\n<div class=\"hidden-gem-image\" style='background-image: url(https:\/\/dipos.rs\/wp-content\/uploads\/2018\/12\/kuca-trgovca-dusana-lazica-1.jpg) '><\/div>\n<div class=\"info\">\n  <p class=\"title\">Merchant House Du\u0161an Lazi\u0107<\/p>\n  <p class=\"subtitle\">47 kneza Aleksandra Kar\u0111or\u0111evi\u0107a Boulevard<\/p>\n<\/div>\n<\/a>\n      <\/div>\n\t\n      <div class=\"hidden-gem-item\">\n\t\t<a href=\"https:\/\/dipos.rs\/en\/hidden-gem\/palata-zora\/\">\n<div class=\"hidden-gem-image\" style='background-image: url(https:\/\/dipos.rs\/wp-content\/uploads\/2018\/12\/palata-zora-5-682x1024.jpg) '><\/div>\n<div class=\"info\">\n  <p class=\"title\">Palata \u201eZora\u201c, the building of rich watchmakers<\/p>\n  <p class=\"subtitle\">Knez Mihailova 32<\/p>\n<\/div>\n<\/a>\n      <\/div>\n\t\n      <div class=\"hidden-gem-item\">\n\t\t<a href=\"https:\/\/dipos.rs\/en\/hidden-gem\/skarkina-vila\/\">\n<div class=\"hidden-gem-image\" style='background-image: url(https:\/\/dipos.rs\/wp-content\/uploads\/2018\/12\/skarkina-vila-9-682x1024.jpg) '><\/div>\n<div class=\"info\">\n  <p class=\"title\">\u0160karka&#8217;s Villa<\/p>\n  <p class=\"subtitle\"><\/p>\n<\/div>\n<\/a>\n      <\/div>\n\t\n      <div class=\"hidden-gem-item\">\n\t\t<a href=\"https:\/\/dipos.rs\/en\/hidden-gem\/the-man-who-changed-the-look-of-belgrade\/\">\n<div class=\"hidden-gem-image\" style='background-image: url(https:\/\/dipos.rs\/wp-content\/uploads\/2018\/12\/kneza-milo\u0161a-14-1-1024x774.jpg) '><\/div>\n<div class=\"info\">\n  <p class=\"title\">The Man Who Changed the Look of Belgrade<\/p>\n  <p class=\"subtitle\">Kneza Milo\u0161a 14<\/p>\n<\/div>\n<\/a>\n      <\/div>\n\t\n      <div class=\"hidden-gem-item\">\n\t\t<a href=\"https:\/\/dipos.rs\/en\/hidden-gem\/tolstojeva-25-2\/\">\n<div class=\"hidden-gem-image\" style='background-image: url(https:\/\/dipos.rs\/wp-content\/uploads\/2018\/12\/tolstojeva-25-4-1024x682.jpg) '><\/div>\n<div class=\"info\">\n  <p class=\"title\">Tolstojeva 25<\/p>\n  <p class=\"subtitle\"><\/p>\n<\/div>\n<\/a>\n      <\/div>\n\t\n      <div class=\"hidden-gem-item\">\n\t\t<a href=\"https:\/\/dipos.rs\/en\/hidden-gem\/uzicka-48\/\">\n<div class=\"hidden-gem-image\" style='background-image: url(https:\/\/dipos.rs\/wp-content\/uploads\/2020\/10\/uzicka-48-5-1024x682-1024x682.jpg) '><\/div>\n<div class=\"info\">\n  <p class=\"title\">U\u017ei\u010dka 48<\/p>\n  <p class=\"subtitle\"><\/p>\n<\/div>\n<\/a>\n      <\/div>\n\t\n<\/div>\n\t\n\t\n\t\n<\/div>\n\n<p>[\/et_pb_text][\/et_pb_column][\/et_pb_row][\/et_pb_section]<\/p>\n","protected":false},"excerpt":{"rendered":"<p>HIDDEN GEMS We lease and manage an exclusive portfolio of villas, buildings and apartments, some of which represent Belgrade\u2019s architectural masterpieces and historical gems. Every property tells a story\u2026Often enough one can hear two different versions of a story about the same building. One is about how a building came to be and the circumstances [&hellip;]<\/p>\n","protected":false},"author":8,"featured_media":0,"parent":1237,"menu_order":0,"comment_status":"closed","ping_status":"closed","template":"","meta":{"_et_pb_use_builder":"on","_et_pb_old_content":"","_et_gb_content_width":"","inline_featured_image":false,"footnotes":""},"class_list":["post-5923","page","type-page","status-publish","hentry"],"yoast_head":"<!-- This site is optimized with the Yoast SEO Premium plugin v22.2 (Yoast SEO v27.4) - https:\/\/yoast.com\/product\/yoast-seo-premium-wordpress\/ -->\n<title>Hidden gems - Dipos<\/title>\n<meta name=\"robots\" content=\"index, follow, max-snippet:-1, max-image-preview:large, max-video-preview:-1\" \/>\n<link rel=\"canonical\" href=\"https:\/\/dipos.rs\/en\/who-we-are\/hidden-gems\/\" \/>\n<meta property=\"og:locale\" content=\"en_US\" \/>\n<meta property=\"og:type\" content=\"article\" \/>\n<meta property=\"og:title\" content=\"Hidden gems\" \/>\n<meta property=\"og:description\" content=\"HIDDEN GEMS We lease and manage an exclusive portfolio of villas, buildings and apartments, some of which represent Belgrade\u2019s architectural masterpieces and historical gems. Every property tells a story\u2026Often enough one can hear two different versions of a story about the same building. One is about how a building came to be and the circumstances [&hellip;]\" \/>\n<meta property=\"og:url\" content=\"https:\/\/dipos.rs\/en\/who-we-are\/hidden-gems\/\" \/>\n<meta property=\"og:site_name\" content=\"Dipos\" \/>\n<meta property=\"article:modified_time\" content=\"2022-06-03T14:36:37+00:00\" \/>\n<meta property=\"og:image\" content=\"https:\/\/dipos.rs\/wp-content\/uploads\/2022\/04\/logo-plavi.png\" \/>\n\t<meta property=\"og:image:width\" content=\"380\" \/>\n\t<meta property=\"og:image:height\" content=\"280\" \/>\n\t<meta property=\"og:image:type\" content=\"image\/png\" \/>\n<meta name=\"twitter:card\" content=\"summary_large_image\" \/>\n<meta name=\"twitter:label1\" content=\"Est. reading time\" \/>\n\t<meta name=\"twitter:data1\" content=\"4 minutes\" \/>\n<script type=\"application\/ld+json\" class=\"yoast-schema-graph\">{\"@context\":\"https:\\\/\\\/schema.org\",\"@graph\":[{\"@type\":\"WebPage\",\"@id\":\"https:\\\/\\\/dipos.rs\\\/en\\\/who-we-are\\\/hidden-gems\\\/\",\"url\":\"https:\\\/\\\/dipos.rs\\\/en\\\/who-we-are\\\/hidden-gems\\\/\",\"name\":\"Hidden gems - Dipos\",\"isPartOf\":{\"@id\":\"https:\\\/\\\/dipos.rs\\\/en\\\/#website\"},\"datePublished\":\"2018-11-14T15:45:20+00:00\",\"dateModified\":\"2022-06-03T14:36:37+00:00\",\"breadcrumb\":{\"@id\":\"https:\\\/\\\/dipos.rs\\\/en\\\/who-we-are\\\/hidden-gems\\\/#breadcrumb\"},\"inLanguage\":\"en-US\",\"potentialAction\":[{\"@type\":\"ReadAction\",\"target\":[\"https:\\\/\\\/dipos.rs\\\/en\\\/who-we-are\\\/hidden-gems\\\/\"]}]},{\"@type\":\"BreadcrumbList\",\"@id\":\"https:\\\/\\\/dipos.rs\\\/en\\\/who-we-are\\\/hidden-gems\\\/#breadcrumb\",\"itemListElement\":[{\"@type\":\"ListItem\",\"position\":1,\"name\":\"Home\",\"item\":\"https:\\\/\\\/dipos.rs\\\/en\\\/\"},{\"@type\":\"ListItem\",\"position\":2,\"name\":\"Who we are\",\"item\":\"https:\\\/\\\/dipos.rs\\\/en\\\/who-we-are\\\/\"},{\"@type\":\"ListItem\",\"position\":3,\"name\":\"Hidden gems\"}]},{\"@type\":\"WebSite\",\"@id\":\"https:\\\/\\\/dipos.rs\\\/en\\\/#website\",\"url\":\"https:\\\/\\\/dipos.rs\\\/en\\\/\",\"name\":\"\u0414\u0438\u043f\u043e\u0441\",\"description\":\"Privredno dru\u0161tvo koje se bavi upravljanjem, izdavanjem i odr\u017eavanjem nekretnina u vlasni\u0161tvu Republike Srbije\",\"publisher\":{\"@id\":\"https:\\\/\\\/dipos.rs\\\/en\\\/#organization\"},\"potentialAction\":[{\"@type\":\"SearchAction\",\"target\":{\"@type\":\"EntryPoint\",\"urlTemplate\":\"https:\\\/\\\/dipos.rs\\\/en\\\/?s={search_term_string}\"},\"query-input\":{\"@type\":\"PropertyValueSpecification\",\"valueRequired\":true,\"valueName\":\"search_term_string\"}}],\"inLanguage\":\"en-US\"},{\"@type\":\"Organization\",\"@id\":\"https:\\\/\\\/dipos.rs\\\/en\\\/#organization\",\"name\":\"\u0414\u0438\u043f\u043e\u0441\",\"url\":\"https:\\\/\\\/dipos.rs\\\/en\\\/\",\"logo\":{\"@type\":\"ImageObject\",\"inLanguage\":\"en-US\",\"@id\":\"https:\\\/\\\/dipos.rs\\\/en\\\/#\\\/schema\\\/logo\\\/image\\\/\",\"url\":\"https:\\\/\\\/dipos.rs\\\/wp-content\\\/uploads\\\/2022\\\/04\\\/logo-plavi.png\",\"contentUrl\":\"https:\\\/\\\/dipos.rs\\\/wp-content\\\/uploads\\\/2022\\\/04\\\/logo-plavi.png\",\"width\":380,\"height\":280,\"caption\":\"\u0414\u0438\u043f\u043e\u0441\"},\"image\":{\"@id\":\"https:\\\/\\\/dipos.rs\\\/en\\\/#\\\/schema\\\/logo\\\/image\\\/\"}}]}<\/script>\n<!-- \/ Yoast SEO Premium plugin. -->","yoast_head_json":{"title":"Hidden gems - Dipos","robots":{"index":"index","follow":"follow","max-snippet":"max-snippet:-1","max-image-preview":"max-image-preview:large","max-video-preview":"max-video-preview:-1"},"canonical":"https:\/\/dipos.rs\/en\/who-we-are\/hidden-gems\/","og_locale":"en_US","og_type":"article","og_title":"Hidden gems","og_description":"HIDDEN GEMS We lease and manage an exclusive portfolio of villas, buildings and apartments, some of which represent Belgrade\u2019s architectural masterpieces and historical gems. Every property tells a story\u2026Often enough one can hear two different versions of a story about the same building. One is about how a building came to be and the circumstances [&hellip;]","og_url":"https:\/\/dipos.rs\/en\/who-we-are\/hidden-gems\/","og_site_name":"Dipos","article_modified_time":"2022-06-03T14:36:37+00:00","og_image":[{"width":380,"height":280,"url":"https:\/\/dipos.rs\/wp-content\/uploads\/2022\/04\/logo-plavi.png","type":"image\/png"}],"twitter_card":"summary_large_image","twitter_misc":{"Est. reading time":"4 minutes"},"schema":{"@context":"https:\/\/schema.org","@graph":[{"@type":"WebPage","@id":"https:\/\/dipos.rs\/en\/who-we-are\/hidden-gems\/","url":"https:\/\/dipos.rs\/en\/who-we-are\/hidden-gems\/","name":"Hidden gems - Dipos","isPartOf":{"@id":"https:\/\/dipos.rs\/en\/#website"},"datePublished":"2018-11-14T15:45:20+00:00","dateModified":"2022-06-03T14:36:37+00:00","breadcrumb":{"@id":"https:\/\/dipos.rs\/en\/who-we-are\/hidden-gems\/#breadcrumb"},"inLanguage":"en-US","potentialAction":[{"@type":"ReadAction","target":["https:\/\/dipos.rs\/en\/who-we-are\/hidden-gems\/"]}]},{"@type":"BreadcrumbList","@id":"https:\/\/dipos.rs\/en\/who-we-are\/hidden-gems\/#breadcrumb","itemListElement":[{"@type":"ListItem","position":1,"name":"Home","item":"https:\/\/dipos.rs\/en\/"},{"@type":"ListItem","position":2,"name":"Who we are","item":"https:\/\/dipos.rs\/en\/who-we-are\/"},{"@type":"ListItem","position":3,"name":"Hidden gems"}]},{"@type":"WebSite","@id":"https:\/\/dipos.rs\/en\/#website","url":"https:\/\/dipos.rs\/en\/","name":"\u0414\u0438\u043f\u043e\u0441","description":"Privredno dru\u0161tvo koje se bavi upravljanjem, izdavanjem i odr\u017eavanjem nekretnina u vlasni\u0161tvu Republike Srbije","publisher":{"@id":"https:\/\/dipos.rs\/en\/#organization"},"potentialAction":[{"@type":"SearchAction","target":{"@type":"EntryPoint","urlTemplate":"https:\/\/dipos.rs\/en\/?s={search_term_string}"},"query-input":{"@type":"PropertyValueSpecification","valueRequired":true,"valueName":"search_term_string"}}],"inLanguage":"en-US"},{"@type":"Organization","@id":"https:\/\/dipos.rs\/en\/#organization","name":"\u0414\u0438\u043f\u043e\u0441","url":"https:\/\/dipos.rs\/en\/","logo":{"@type":"ImageObject","inLanguage":"en-US","@id":"https:\/\/dipos.rs\/en\/#\/schema\/logo\/image\/","url":"https:\/\/dipos.rs\/wp-content\/uploads\/2022\/04\/logo-plavi.png","contentUrl":"https:\/\/dipos.rs\/wp-content\/uploads\/2022\/04\/logo-plavi.png","width":380,"height":280,"caption":"\u0414\u0438\u043f\u043e\u0441"},"image":{"@id":"https:\/\/dipos.rs\/en\/#\/schema\/logo\/image\/"}}]}},"_links":{"self":[{"href":"https:\/\/dipos.rs\/en\/wp-json\/wp\/v2\/pages\/5923","targetHints":{"allow":["GET"]}}],"collection":[{"href":"https:\/\/dipos.rs\/en\/wp-json\/wp\/v2\/pages"}],"about":[{"href":"https:\/\/dipos.rs\/en\/wp-json\/wp\/v2\/types\/page"}],"author":[{"embeddable":true,"href":"https:\/\/dipos.rs\/en\/wp-json\/wp\/v2\/users\/8"}],"replies":[{"embeddable":true,"href":"https:\/\/dipos.rs\/en\/wp-json\/wp\/v2\/comments?post=5923"}],"version-history":[{"count":0,"href":"https:\/\/dipos.rs\/en\/wp-json\/wp\/v2\/pages\/5923\/revisions"}],"up":[{"embeddable":true,"href":"https:\/\/dipos.rs\/en\/wp-json\/wp\/v2\/pages\/1237"}],"wp:attachment":[{"href":"https:\/\/dipos.rs\/en\/wp-json\/wp\/v2\/media?parent=5923"}],"curies":[{"name":"wp","href":"https:\/\/api.w.org\/{rel}","templated":true}]}}