{"id":6201,"date":"2018-11-14T17:05:24","date_gmt":"2018-11-14T16:05:24","guid":{"rendered":"https:\/\/35F71DDC-90D3-4CBE-911D-5B0F16FF0F01"},"modified":"2023-03-01T18:04:02","modified_gmt":"2023-03-01T17:04:02","slug":"what-we-do","status":"publish","type":"page","link":"https:\/\/dipos.rs\/en\/what-we-do\/","title":{"rendered":"What we do"},"content":{"rendered":"<p>[et_pb_section bb_built=&#8217;1&#8242; next_background_color=&#8217;#ffffff&#8217; _builder_version=&#8217;3.17.1&#8242; background_image=&#8217;https:\/\/dipos.rs\/wp-content\/uploads\/2018\/12\/bgd-header-what-we-do.jpg&#8217; custom_padding=&#8217;||200px|&#8217; module_class=&#8217;section-header&#8217; inner_width=&#8217;auto&#8217; inner_max_width=&#8217;1100px&#8217;][et_pb_row background_position=&#8217;top_left&#8217; background_repeat=&#8217;repeat&#8217; background_size=&#8217;initial&#8217; width=&#8217;80%&#8217; max_width=&#8217;1100px&#8217;][et_pb_column type=&#8217;4_4&#8242; custom_padding__hover=&#8217;|||&#8217; custom_padding=&#8217;|||&#8217;][et_pb_text admin_label=&#8217;Section heading&#8217; _builder_version=&#8217;3.17.1&#8242; header_font=&#8217;|800|||||||&#8217; header_text_align=&#8217;center&#8217; header_text_color=&#8217;#ffffff&#8217; header_text_shadow_style=&#8217;preset2&#8242; header_font_size=&#8217;60px&#8217; header_text_shadow_blur_strength=&#8217;0.3em&#8217; header_font_size_tablet=&#8217;40px&#8217; header_font_size_last_edited=&#8217;on|tablet&#8217; text_orientation=&#8217;left&#8217;]<\/p>\n<h1>WHAT WE DO<\/h1>\n<p>[\/et_pb_text][\/et_pb_column][\/et_pb_row][\/et_pb_section][et_pb_section bb_built=&#8217;1&#8242; specialty=&#8217;off&#8217; prev_background_color=&#8217;#000000&#8242; _builder_version=&#8217;3.17.1&#8242; custom_padding=&#8217;0px|||&#8217; next_background_color=&#8217;#000000&#8242; custom_margin_tablet=&#8217;-70px|||&#8217; custom_margin_last_edited=&#8217;on|desktop&#8217; custom_padding_tablet=&#8217;0px||20px|&#8217; custom_padding_last_edited=&#8217;on|tablet&#8217; inner_width=&#8217;auto&#8217; inner_max_width=&#8217;1100px&#8217;][et_pb_row _builder_version=&#8217;3.17.1&#8242; custom_padding=&#8217;0px|||&#8217; custom_margin=&#8217;||10px|&#8217; custom_margin_tablet=&#8217;||0px|&#8217; custom_margin_last_edited=&#8217;on|tablet&#8217; custom_padding_tablet=&#8217;0px||15px|&#8217; custom_padding_last_edited=&#8217;on|tablet&#8217; width=&#8217;80%&#8217; max_width=&#8217;1100px&#8217;][et_pb_column type=&#8217;4_4&#8242; custom_padding__hover=&#8217;|||&#8217; custom_padding=&#8217;|||&#8217;][et_pb_text _builder_version=&#8217;3.21.4&#8242; text_font=&#8217;|600|||||||&#8217; text_text_color=&#8217;#006cbf&#8217; text_font_size=&#8217;18px&#8217; text_line_height=&#8217;30px&#8217; text_orientation=&#8217;center&#8217; max_width=&#8217;65%&#8217; module_alignment=&#8217;center&#8217; max_width_tablet=&#8217;100%&#8217; max_width_last_edited=&#8217;on|tablet&#8217; z_index_tablet=&#8217;500&#8242;]<\/p>\n<p>We lease and manage an exclusive real estate portfolio owned by the Republic of Serbia, primarily intended for the business and living needs of diplomatic missions and expats in Serbia. We are proud to say that we have excellent business relations with a large number of prominent domestic clients.<\/p>\n<p>[\/et_pb_text][\/et_pb_column][\/et_pb_row][et_pb_row _builder_version=&#8217;3.17.1&#8242; custom_margin=&#8217;||40px|&#8217; custom_margin_tablet=&#8217;||0px|&#8217; custom_margin_last_edited=&#8217;on|tablet&#8217; width=&#8217;80%&#8217; max_width=&#8217;1100px&#8217;][et_pb_column type=&#8217;4_4&#8242; custom_padding__hover=&#8217;|||&#8217; custom_padding=&#8217;|||&#8217;][et_pb_text _builder_version=&#8217;3.17.1&#8242; text_font=&#8217;|300|||||||&#8217; text_text_color=&#8217;#808080&#8242; text_font_size=&#8217;16px&#8217; text_orientation=&#8217;center&#8217; max_width=&#8217;73%&#8217; module_alignment=&#8217;center&#8217; max_width_tablet=&#8217;100%&#8217; max_width_last_edited=&#8217;on|tablet&#8217;]<\/p>\n<p>With a wide variety of high quality and historical landmark properties in exclusive locations throughout Belgrade, mixed with extensive knowledge of the requirements of the diplomatic corps, we will help you choose the most suitable property for your needs.<\/p>\n<p>Depending on your needs we offer suitable locations for housing embassies, living spaces and accommodation for your diplomatic staff as well as office space for international organisations and representative offices.<\/p>\n<p>[\/et_pb_text][\/et_pb_column][\/et_pb_row][et_pb_row background_position=&#8217;top_left&#8217; background_repeat=&#8217;repeat&#8217; background_size=&#8217;initial&#8217; _builder_version=&#8217;3.17.1&#8242; custom_padding_tablet=&#8217;||15px|&#8217; custom_padding_last_edited=&#8217;on|tablet&#8217; width=&#8217;80%&#8217; max_width=&#8217;1100px&#8217;][et_pb_column type=&#8217;4_4&#8242; custom_padding__hover=&#8217;|||&#8217; custom_padding=&#8217;|||&#8217;][et_pb_text admin_label=&#8217;Header&#8217; _builder_version=&#8217;3.17.1&#8242; header_2_font=&#8217;|600|||||||&#8217; header_2_text_align=&#8217;center&#8217; header_2_text_color=&#8217;#006cbf&#8217; header_2_font_size=&#8217;40px&#8217; header_2_line_height=&#8217;50px&#8217; header_2_font_size_tablet=&#8217;23px&#8217; header_2_font_size_last_edited=&#8217;on|tablet&#8217; header_2_line_height_tablet=&#8217;31px&#8217; header_2_line_height_last_edited=&#8217;on|tablet&#8217; text_orientation=&#8217;left&#8217;]<\/p>\n<h2>ADDING VALUE \u2013 WE MAKE A DIFFERENCE<\/h2>\n<p>[\/et_pb_text][\/et_pb_column][\/et_pb_row][et_pb_row background_position=&#8217;top_left&#8217; background_repeat=&#8217;repeat&#8217; background_size=&#8217;initial&#8217; _builder_version=&#8217;3.17.1&#8242; custom_padding_tablet=&#8217;0px|||&#8217; custom_padding_last_edited=&#8217;on|tablet&#8217; width=&#8217;80%&#8217; max_width=&#8217;1100px&#8217;][et_pb_column type=&#8217;4_4&#8242; custom_padding__hover=&#8217;|||&#8217; custom_padding=&#8217;|||&#8217;][et_pb_text _builder_version=&#8217;3.17.1&#8242; text_font=&#8217;|300|||||||&#8217; text_text_color=&#8217;#808080&#8242; text_font_size=&#8217;16px&#8217; text_orientation=&#8217;center&#8217; max_width=&#8217;73%&#8217; module_alignment=&#8217;center&#8217; max_width_tablet=&#8217;100%&#8217; max_width_last_edited=&#8217;on|tablet&#8217;]<\/p>\n<p>Our services do not end with property rental or leasing. What sets us apart in the local real estate market is our property management services. By providing a wide scope of services such as technical maintenance, repair, reconstruction, daily maintenance, and 24-hour emergency services, our team truly adds value to the property and the quality of life of our tenants.<\/p>\n<p>We understand the intricacies of the housing needs and business requirements of the diplomatic and expat community.<\/p>\n<p>Our team offers unprecedented experience and a comprehensive set of high-quality skills and services for the Serbian real estate market. We focus on diligence, transparency and professionalism in the provision of our services. Our unique offering gives our clients a 360-degree approach to service, intended to cover all of their property needs while they are living in Serbia.<\/p>\n<p>[\/et_pb_text][\/et_pb_column][\/et_pb_row][\/et_pb_section][et_pb_section bb_built=&#8217;1&#8242; specialty=&#8217;off&#8217; prev_background_color=&#8217;#ffffff&#8217; _builder_version=&#8217;3.17.1&#8242; use_background_color_gradient=&#8217;on&#8217; background_color_gradient_start=&#8217;#c4eaff&#8217; background_color_gradient_end=&#8217;#f5fcff&#8217; background_color_gradient_direction=&#8217;135deg&#8217; custom_padding=&#8217;||190px|&#8217; inner_width=&#8217;auto&#8217; inner_max_width=&#8217;1100px&#8217;][et_pb_row background_position=&#8217;top_left&#8217; background_repeat=&#8217;repeat&#8217; background_size=&#8217;initial&#8217; _builder_version=&#8217;3.17.1&#8242; custom_padding_tablet=&#8217;0px|||&#8217; custom_padding_last_edited=&#8217;on|tablet&#8217; width=&#8217;80%&#8217; max_width=&#8217;1100px&#8217;][et_pb_column type=&#8217;1_2&#8242; custom_padding__hover=&#8217;|||&#8217; custom_padding=&#8217;|||&#8217;][et_pb_image _builder_version=&#8217;3.17.1&#8242; src=&#8217;https:\/\/dipos.rs\/wp-content\/uploads\/2018\/11\/ico-lease.svg&#8217; align=&#8217;center&#8217; animation_style=&#8217;slide&#8217; animation_direction=&#8217;top&#8217; animation_intensity_slide=&#8217;10%&#8217; module_class=&#8217;icons-mobile&#8217; align_last_edited=&#8217;on|desktop&#8217; align_tablet=&#8217;center&#8217; \/][et_pb_text admin_label=&#8217;Header&#8217; _builder_version=&#8217;3.17.1&#8242; header_3_font=&#8217;|600|||||||&#8217; header_3_text_align=&#8217;center&#8217; header_3_text_color=&#8217;#006cbf&#8217; header_3_font_size=&#8217;35px&#8217; header_3_font_size_tablet=&#8217;25px&#8217; header_3_font_size_last_edited=&#8217;on|desktop&#8217; custom_margin_tablet=&#8217;||15px|&#8217; custom_margin_last_edited=&#8217;on|phone&#8217; text_orientation=&#8217;left&#8217;]<\/p>\n<h3>LEASE<\/h3>\n<p>[\/et_pb_text][et_pb_text _builder_version=&#8217;4.4.5&#8242; text_font=&#8217;|300|||||||&#8217; text_text_color=&#8217;#808080&#8242; text_font_size=&#8217;16px&#8217; text_orientation=&#8217;center&#8217; max_width=&#8217;73%&#8217; module_alignment=&#8217;center&#8217; text_line_height=&#8217;25px&#8217; custom_margin=&#8217;||60px|&#8217; max_width_tablet=&#8217;100%&#8217; max_width_last_edited=&#8217;on|tablet&#8217; custom_margin_tablet=&#8217;||30px|&#8217; custom_margin_last_edited=&#8217;on|desktop&#8217; text_text_shadow_horizontal_length=&#8217;text_text_shadow_style,%91object Object%93&#8242; text_text_shadow_horizontal_length_tablet=&#8217;0px&#8217; text_text_shadow_vertical_length=&#8217;text_text_shadow_style,%91object Object%93&#8242; text_text_shadow_vertical_length_tablet=&#8217;0px&#8217; text_text_shadow_blur_strength=&#8217;text_text_shadow_style,%91object Object%93&#8242; text_text_shadow_blur_strength_tablet=&#8217;1px&#8217; link_text_shadow_horizontal_length=&#8217;link_text_shadow_style,%91object Object%93&#8242; link_text_shadow_horizontal_length_tablet=&#8217;0px&#8217; link_text_shadow_vertical_length=&#8217;link_text_shadow_style,%91object Object%93&#8242; link_text_shadow_vertical_length_tablet=&#8217;0px&#8217; link_text_shadow_blur_strength=&#8217;link_text_shadow_style,%91object Object%93&#8242; link_text_shadow_blur_strength_tablet=&#8217;1px&#8217; ul_text_shadow_horizontal_length=&#8217;ul_text_shadow_style,%91object Object%93&#8242; ul_text_shadow_horizontal_length_tablet=&#8217;0px&#8217; ul_text_shadow_vertical_length=&#8217;ul_text_shadow_style,%91object Object%93&#8242; ul_text_shadow_vertical_length_tablet=&#8217;0px&#8217; ul_text_shadow_blur_strength=&#8217;ul_text_shadow_style,%91object Object%93&#8242; ul_text_shadow_blur_strength_tablet=&#8217;1px&#8217; ol_text_shadow_horizontal_length=&#8217;ol_text_shadow_style,%91object Object%93&#8242; ol_text_shadow_horizontal_length_tablet=&#8217;0px&#8217; ol_text_shadow_vertical_length=&#8217;ol_text_shadow_style,%91object Object%93&#8242; ol_text_shadow_vertical_length_tablet=&#8217;0px&#8217; ol_text_shadow_blur_strength=&#8217;ol_text_shadow_style,%91object Object%93&#8242; ol_text_shadow_blur_strength_tablet=&#8217;1px&#8217; quote_text_shadow_horizontal_length=&#8217;quote_text_shadow_style,%91object Object%93&#8242; quote_text_shadow_horizontal_length_tablet=&#8217;0px&#8217; quote_text_shadow_vertical_length=&#8217;quote_text_shadow_style,%91object Object%93&#8242; quote_text_shadow_vertical_length_tablet=&#8217;0px&#8217; quote_text_shadow_blur_strength=&#8217;quote_text_shadow_style,%91object Object%93&#8242; quote_text_shadow_blur_strength_tablet=&#8217;1px&#8217; header_text_shadow_horizontal_length=&#8217;header_text_shadow_style,%91object Object%93&#8242; header_text_shadow_horizontal_length_tablet=&#8217;0px&#8217; header_text_shadow_vertical_length=&#8217;header_text_shadow_style,%91object Object%93&#8242; header_text_shadow_vertical_length_tablet=&#8217;0px&#8217; header_text_shadow_blur_strength=&#8217;header_text_shadow_style,%91object Object%93&#8242; header_text_shadow_blur_strength_tablet=&#8217;1px&#8217; header_2_text_shadow_horizontal_length=&#8217;header_2_text_shadow_style,%91object Object%93&#8242; header_2_text_shadow_horizontal_length_tablet=&#8217;0px&#8217; header_2_text_shadow_vertical_length=&#8217;header_2_text_shadow_style,%91object Object%93&#8242; header_2_text_shadow_vertical_length_tablet=&#8217;0px&#8217; header_2_text_shadow_blur_strength=&#8217;header_2_text_shadow_style,%91object Object%93&#8242; header_2_text_shadow_blur_strength_tablet=&#8217;1px&#8217; header_3_text_shadow_horizontal_length=&#8217;header_3_text_shadow_style,%91object Object%93&#8242; header_3_text_shadow_horizontal_length_tablet=&#8217;0px&#8217; header_3_text_shadow_vertical_length=&#8217;header_3_text_shadow_style,%91object Object%93&#8242; header_3_text_shadow_vertical_length_tablet=&#8217;0px&#8217; header_3_text_shadow_blur_strength=&#8217;header_3_text_shadow_style,%91object Object%93&#8242; header_3_text_shadow_blur_strength_tablet=&#8217;1px&#8217; header_4_text_shadow_horizontal_length=&#8217;header_4_text_shadow_style,%91object Object%93&#8242; header_4_text_shadow_horizontal_length_tablet=&#8217;0px&#8217; header_4_text_shadow_vertical_length=&#8217;header_4_text_shadow_style,%91object Object%93&#8242; header_4_text_shadow_vertical_length_tablet=&#8217;0px&#8217; header_4_text_shadow_blur_strength=&#8217;header_4_text_shadow_style,%91object Object%93&#8242; header_4_text_shadow_blur_strength_tablet=&#8217;1px&#8217; header_5_text_shadow_horizontal_length=&#8217;header_5_text_shadow_style,%91object Object%93&#8242; header_5_text_shadow_horizontal_length_tablet=&#8217;0px&#8217; header_5_text_shadow_vertical_length=&#8217;header_5_text_shadow_style,%91object Object%93&#8242; header_5_text_shadow_vertical_length_tablet=&#8217;0px&#8217; header_5_text_shadow_blur_strength=&#8217;header_5_text_shadow_style,%91object Object%93&#8242; header_5_text_shadow_blur_strength_tablet=&#8217;1px&#8217; header_6_text_shadow_horizontal_length=&#8217;header_6_text_shadow_style,%91object Object%93&#8242; header_6_text_shadow_horizontal_length_tablet=&#8217;0px&#8217; header_6_text_shadow_vertical_length=&#8217;header_6_text_shadow_style,%91object Object%93&#8242; header_6_text_shadow_vertical_length_tablet=&#8217;0px&#8217; header_6_text_shadow_blur_strength=&#8217;header_6_text_shadow_style,%91object Object%93&#8242; header_6_text_shadow_blur_strength_tablet=&#8217;1px&#8217; box_shadow_horizontal_tablet=&#8217;0px&#8217; box_shadow_vertical_tablet=&#8217;0px&#8217; box_shadow_blur_tablet=&#8217;40px&#8217; box_shadow_spread_tablet=&#8217;0px&#8217; vertical_offset_tablet=&#8217;0&#8242; horizontal_offset_tablet=&#8217;0&#8242; z_index_tablet=&#8217;0&#8242;]<\/p>\n<p>Our portfolio consists of more than 300 different luxury properties located in some of the best neighborhoods in Belgrade, fully adapted to your specific requirements.<\/p>\n<p>[\/et_pb_text][et_pb_text admin_label=&#8217;Read more&#8217; _builder_version=&#8217;3.17.1&#8242; text_orientation=&#8217;left&#8217;]<\/p>\n<p class=\"button-blue\"><a href=\"https:\/\/dipos.rs\/en\/what-we-do\/lease\/\">READ MORE<\/a><\/p>\n<p>[\/et_pb_text][\/et_pb_column][et_pb_column type=&#8217;1_2&#8242; custom_padding__hover=&#8217;|||&#8217; custom_padding=&#8217;|||&#8217;][et_pb_image _builder_version=&#8217;3.17.1&#8242; src=&#8217;https:\/\/dipos.rs\/wp-content\/uploads\/2018\/11\/ico-prop-management.svg&#8217; align=&#8217;center&#8217; animation_style=&#8217;slide&#8217; animation_direction=&#8217;top&#8217; animation_delay=&#8217;200ms&#8217; animation_intensity_slide=&#8217;10%&#8217; custom_margin_tablet=&#8217;40px|||&#8217; custom_margin_last_edited=&#8217;on|tablet&#8217; module_class=&#8217;icons-mobile&#8217; align_last_edited=&#8217;on|desktop&#8217; align_tablet=&#8217;center&#8217; \/][et_pb_text admin_label=&#8217;Header&#8217; _builder_version=&#8217;3.17.1&#8242; header_3_font=&#8217;|600|||||||&#8217; header_3_text_align=&#8217;center&#8217; header_3_text_color=&#8217;#006cbf&#8217; header_3_font_size=&#8217;35px&#8217; header_3_line_height=&#8217;40px&#8217; module_class=&#8217;property-management-header&#8217; header_3_font_size_tablet=&#8217;25px&#8217; header_3_font_size_last_edited=&#8217;on|tablet&#8217; header_3_line_height_tablet=&#8217;35px&#8217; header_3_line_height_last_edited=&#8217;on|tablet&#8217; custom_margin_tablet=&#8217;||15px|&#8217; custom_margin_last_edited=&#8217;on|tablet&#8217; text_orientation=&#8217;left&#8217;]<\/p>\n<h3>PROPERTY MANAGEMENT<\/h3>\n<p>[\/et_pb_text][et_pb_text _builder_version=&#8217;3.17.1&#8242; text_font=&#8217;|300|||||||&#8217; text_text_color=&#8217;#808080&#8242; text_font_size=&#8217;16px&#8217; text_orientation=&#8217;center&#8217; max_width=&#8217;73%&#8217; module_alignment=&#8217;center&#8217; text_line_height=&#8217;25px&#8217; custom_margin=&#8217;||60px|&#8217; max_width_tablet=&#8217;100%&#8217; max_width_last_edited=&#8217;on|tablet&#8217; custom_margin_tablet=&#8217;||30px|&#8217; custom_margin_last_edited=&#8217;on|tablet&#8217;]<\/p>\n<p>The pace of contemporary life is fast, especially when you are living and working in a foreign country. We recognise the full spectrum of your needs, whether you are looking for a building for your embassy, representative office or trying to find a suitable living accommodations.<\/p>\n<p>[\/et_pb_text][et_pb_text admin_label=&#8217;Read more&#8217; _builder_version=&#8217;3.17.1&#8242; text_orientation=&#8217;left&#8217;]<\/p>\n<p class=\"button-blue\"><a href=\"https:\/\/dipos.rs\/en\/what-we-do\/property-management\/\">READ MORE<\/a><\/p>\n<p>[\/et_pb_text][\/et_pb_column][\/et_pb_row][\/et_pb_section]<\/p>\n","protected":false},"excerpt":{"rendered":"<p>WHAT WE DO We lease and manage an exclusive real estate portfolio owned by the Republic of Serbia, primarily intended for the business and living needs of diplomatic missions and expats in Serbia. We are proud to say that we have excellent business relations with a large number of prominent domestic clients. With a wide [&hellip;]<\/p>\n","protected":false},"author":8,"featured_media":0,"parent":0,"menu_order":0,"comment_status":"closed","ping_status":"closed","template":"","meta":{"_et_pb_use_builder":"on","_et_pb_old_content":"","_et_gb_content_width":"","inline_featured_image":false,"footnotes":""},"class_list":["post-6201","page","type-page","status-publish","hentry"],"yoast_head":"<!-- This site is optimized with the Yoast SEO Premium plugin v22.2 (Yoast SEO v27.4) - https:\/\/yoast.com\/product\/yoast-seo-premium-wordpress\/ -->\n<title>What we do - Dipos<\/title>\n<meta name=\"robots\" content=\"index, follow, max-snippet:-1, max-image-preview:large, max-video-preview:-1\" \/>\n<link rel=\"canonical\" href=\"https:\/\/dipos.rs\/en\/what-we-do\/\" \/>\n<meta property=\"og:locale\" content=\"en_US\" \/>\n<meta property=\"og:type\" content=\"article\" \/>\n<meta property=\"og:title\" content=\"What we do\" \/>\n<meta property=\"og:description\" content=\"WHAT WE DO We lease and manage an exclusive real estate portfolio owned by the Republic of Serbia, primarily intended for the business and living needs of diplomatic missions and expats in Serbia. We are proud to say that we have excellent business relations with a large number of prominent domestic clients. With a wide [&hellip;]\" \/>\n<meta property=\"og:url\" content=\"https:\/\/dipos.rs\/en\/what-we-do\/\" \/>\n<meta property=\"og:site_name\" content=\"Dipos\" \/>\n<meta property=\"article:modified_time\" content=\"2023-03-01T17:04:02+00:00\" \/>\n<meta property=\"og:image\" content=\"https:\/\/dipos.rs\/wp-content\/uploads\/2022\/04\/logo-plavi.png\" \/>\n\t<meta property=\"og:image:width\" content=\"380\" \/>\n\t<meta property=\"og:image:height\" content=\"280\" \/>\n\t<meta property=\"og:image:type\" content=\"image\/png\" \/>\n<meta name=\"twitter:card\" content=\"summary_large_image\" \/>\n<meta name=\"twitter:label1\" content=\"Est. reading time\" \/>\n\t<meta name=\"twitter:data1\" content=\"11 minutes\" \/>\n<script type=\"application\/ld+json\" class=\"yoast-schema-graph\">{\"@context\":\"https:\\\/\\\/schema.org\",\"@graph\":[{\"@type\":\"WebPage\",\"@id\":\"https:\\\/\\\/dipos.rs\\\/en\\\/what-we-do\\\/\",\"url\":\"https:\\\/\\\/dipos.rs\\\/en\\\/what-we-do\\\/\",\"name\":\"What we do - Dipos\",\"isPartOf\":{\"@id\":\"https:\\\/\\\/dipos.rs\\\/en\\\/#website\"},\"datePublished\":\"2018-11-14T16:05:24+00:00\",\"dateModified\":\"2023-03-01T17:04:02+00:00\",\"breadcrumb\":{\"@id\":\"https:\\\/\\\/dipos.rs\\\/en\\\/what-we-do\\\/#breadcrumb\"},\"inLanguage\":\"en-US\",\"potentialAction\":[{\"@type\":\"ReadAction\",\"target\":[\"https:\\\/\\\/dipos.rs\\\/en\\\/what-we-do\\\/\"]}]},{\"@type\":\"BreadcrumbList\",\"@id\":\"https:\\\/\\\/dipos.rs\\\/en\\\/what-we-do\\\/#breadcrumb\",\"itemListElement\":[{\"@type\":\"ListItem\",\"position\":1,\"name\":\"Home\",\"item\":\"https:\\\/\\\/dipos.rs\\\/en\\\/\"},{\"@type\":\"ListItem\",\"position\":2,\"name\":\"What we do\"}]},{\"@type\":\"WebSite\",\"@id\":\"https:\\\/\\\/dipos.rs\\\/en\\\/#website\",\"url\":\"https:\\\/\\\/dipos.rs\\\/en\\\/\",\"name\":\"\u0414\u0438\u043f\u043e\u0441\",\"description\":\"Privredno dru\u0161tvo koje se bavi upravljanjem, izdavanjem i odr\u017eavanjem nekretnina u vlasni\u0161tvu Republike Srbije\",\"publisher\":{\"@id\":\"https:\\\/\\\/dipos.rs\\\/en\\\/#organization\"},\"potentialAction\":[{\"@type\":\"SearchAction\",\"target\":{\"@type\":\"EntryPoint\",\"urlTemplate\":\"https:\\\/\\\/dipos.rs\\\/en\\\/?s={search_term_string}\"},\"query-input\":{\"@type\":\"PropertyValueSpecification\",\"valueRequired\":true,\"valueName\":\"search_term_string\"}}],\"inLanguage\":\"en-US\"},{\"@type\":\"Organization\",\"@id\":\"https:\\\/\\\/dipos.rs\\\/en\\\/#organization\",\"name\":\"\u0414\u0438\u043f\u043e\u0441\",\"url\":\"https:\\\/\\\/dipos.rs\\\/en\\\/\",\"logo\":{\"@type\":\"ImageObject\",\"inLanguage\":\"en-US\",\"@id\":\"https:\\\/\\\/dipos.rs\\\/en\\\/#\\\/schema\\\/logo\\\/image\\\/\",\"url\":\"https:\\\/\\\/dipos.rs\\\/wp-content\\\/uploads\\\/2022\\\/04\\\/logo-plavi.png\",\"contentUrl\":\"https:\\\/\\\/dipos.rs\\\/wp-content\\\/uploads\\\/2022\\\/04\\\/logo-plavi.png\",\"width\":380,\"height\":280,\"caption\":\"\u0414\u0438\u043f\u043e\u0441\"},\"image\":{\"@id\":\"https:\\\/\\\/dipos.rs\\\/en\\\/#\\\/schema\\\/logo\\\/image\\\/\"}}]}<\/script>\n<!-- \/ Yoast SEO Premium plugin. -->","yoast_head_json":{"title":"What we do - Dipos","robots":{"index":"index","follow":"follow","max-snippet":"max-snippet:-1","max-image-preview":"max-image-preview:large","max-video-preview":"max-video-preview:-1"},"canonical":"https:\/\/dipos.rs\/en\/what-we-do\/","og_locale":"en_US","og_type":"article","og_title":"What we do","og_description":"WHAT WE DO We lease and manage an exclusive real estate portfolio owned by the Republic of Serbia, primarily intended for the business and living needs of diplomatic missions and expats in Serbia. We are proud to say that we have excellent business relations with a large number of prominent domestic clients. With a wide [&hellip;]","og_url":"https:\/\/dipos.rs\/en\/what-we-do\/","og_site_name":"Dipos","article_modified_time":"2023-03-01T17:04:02+00:00","og_image":[{"width":380,"height":280,"url":"https:\/\/dipos.rs\/wp-content\/uploads\/2022\/04\/logo-plavi.png","type":"image\/png"}],"twitter_card":"summary_large_image","twitter_misc":{"Est. reading time":"11 minutes"},"schema":{"@context":"https:\/\/schema.org","@graph":[{"@type":"WebPage","@id":"https:\/\/dipos.rs\/en\/what-we-do\/","url":"https:\/\/dipos.rs\/en\/what-we-do\/","name":"What we do - Dipos","isPartOf":{"@id":"https:\/\/dipos.rs\/en\/#website"},"datePublished":"2018-11-14T16:05:24+00:00","dateModified":"2023-03-01T17:04:02+00:00","breadcrumb":{"@id":"https:\/\/dipos.rs\/en\/what-we-do\/#breadcrumb"},"inLanguage":"en-US","potentialAction":[{"@type":"ReadAction","target":["https:\/\/dipos.rs\/en\/what-we-do\/"]}]},{"@type":"BreadcrumbList","@id":"https:\/\/dipos.rs\/en\/what-we-do\/#breadcrumb","itemListElement":[{"@type":"ListItem","position":1,"name":"Home","item":"https:\/\/dipos.rs\/en\/"},{"@type":"ListItem","position":2,"name":"What we do"}]},{"@type":"WebSite","@id":"https:\/\/dipos.rs\/en\/#website","url":"https:\/\/dipos.rs\/en\/","name":"\u0414\u0438\u043f\u043e\u0441","description":"Privredno dru\u0161tvo koje se bavi upravljanjem, izdavanjem i odr\u017eavanjem nekretnina u vlasni\u0161tvu Republike Srbije","publisher":{"@id":"https:\/\/dipos.rs\/en\/#organization"},"potentialAction":[{"@type":"SearchAction","target":{"@type":"EntryPoint","urlTemplate":"https:\/\/dipos.rs\/en\/?s={search_term_string}"},"query-input":{"@type":"PropertyValueSpecification","valueRequired":true,"valueName":"search_term_string"}}],"inLanguage":"en-US"},{"@type":"Organization","@id":"https:\/\/dipos.rs\/en\/#organization","name":"\u0414\u0438\u043f\u043e\u0441","url":"https:\/\/dipos.rs\/en\/","logo":{"@type":"ImageObject","inLanguage":"en-US","@id":"https:\/\/dipos.rs\/en\/#\/schema\/logo\/image\/","url":"https:\/\/dipos.rs\/wp-content\/uploads\/2022\/04\/logo-plavi.png","contentUrl":"https:\/\/dipos.rs\/wp-content\/uploads\/2022\/04\/logo-plavi.png","width":380,"height":280,"caption":"\u0414\u0438\u043f\u043e\u0441"},"image":{"@id":"https:\/\/dipos.rs\/en\/#\/schema\/logo\/image\/"}}]}},"_links":{"self":[{"href":"https:\/\/dipos.rs\/en\/wp-json\/wp\/v2\/pages\/6201","targetHints":{"allow":["GET"]}}],"collection":[{"href":"https:\/\/dipos.rs\/en\/wp-json\/wp\/v2\/pages"}],"about":[{"href":"https:\/\/dipos.rs\/en\/wp-json\/wp\/v2\/types\/page"}],"author":[{"embeddable":true,"href":"https:\/\/dipos.rs\/en\/wp-json\/wp\/v2\/users\/8"}],"replies":[{"embeddable":true,"href":"https:\/\/dipos.rs\/en\/wp-json\/wp\/v2\/comments?post=6201"}],"version-history":[{"count":0,"href":"https:\/\/dipos.rs\/en\/wp-json\/wp\/v2\/pages\/6201\/revisions"}],"wp:attachment":[{"href":"https:\/\/dipos.rs\/en\/wp-json\/wp\/v2\/media?parent=6201"}],"curies":[{"name":"wp","href":"https:\/\/api.w.org\/{rel}","templated":true}]}}