{"id":6978,"date":"2018-12-19T11:22:48","date_gmt":"2018-12-19T10:22:48","guid":{"rendered":"https:\/\/85A6548C-986B-4358-B770-4CCB1580DF50"},"modified":"2018-12-25T00:33:51","modified_gmt":"2018-12-24T23:33:51","slug":"center","status":"publish","type":"page","link":"https:\/\/dipos.rs\/en\/what-we-do\/portfolio\/center\/","title":{"rendered":"Center"},"content":{"rendered":"<p>[et_pb_section bb_built=&#8217;1&#8242; _builder_version=&#8217;3.17.1&#8242; background_image=&#8217;https:\/\/dipos.rs\/wp-content\/uploads\/2018\/12\/bgd-header-what-we-do.jpg&#8217; custom_padding=&#8217;||220px|&#8217; module_class=&#8217;section-header&#8217; next_background_color=&#8217;#ffffff&#8217;][et_pb_row ][et_pb_column type=&#8217;4_4&#8242;][et_pb_text admin_label=&#8217;Section heading&#8217; _builder_version=&#8217;3.17.1&#8242; header_font=&#8217;|800|||||||&#8217; header_text_align=&#8217;center&#8217; header_text_color=&#8217;#ffffff&#8217; header_text_shadow_style=&#8217;preset2&#8242; header_font_size=&#8217;45px&#8217; header_text_shadow_blur_strength=&#8217;0.3em&#8217; header_font_size_tablet=&#8217;35px&#8217; header_font_size_last_edited=&#8217;on|desktop&#8217; header_line_height_tablet=&#8217;40px&#8217; header_line_height_last_edited=&#8217;on|tablet&#8217;]<\/p>\n<h1>CENTER<\/h1>\n<p>[\/et_pb_text][\/et_pb_column][\/et_pb_row][\/et_pb_section][et_pb_section bb_built=&#8217;1&#8242; specialty=&#8217;off&#8217; prev_background_color=&#8217;#000000&#8242; _builder_version=&#8217;3.17.1&#8242; custom_padding=&#8217;0px||190px|&#8217; custom_margin_tablet=&#8217;-90px|||&#8217; custom_margin_last_edited=&#8217;on|desktop&#8217;][et_pb_row _builder_version=&#8217;3.17.1&#8242; custom_padding=&#8217;0px|||&#8217;][et_pb_column type=&#8217;4_4&#8242;][et_pb_lgs036_masonry_gallery _builder_version=&#8217;3.17.1&#8242; gallery_ids=&#8217;2478,2021,5023,3450,6931,4426,553,1020,3423,7269,2331,4561,1635,4191,4485,7424,1760,1701,1083,6976,4181,5696,7242,1133,1053,1104,1234,7727,7163,1393,5334,7649,7085,12,6915&#8242; gallery_orderby=&#8217;rand&#8217; gallery_responsive=&#8217;off&#8217; gallery_columns=&#8217;4&#8242; posts_number=&#8217;50&#8217; show_title_and_caption=&#8217;off&#8217; title_and_caption_position=&#8217;1&#8242; box_shadow_position_image=&#8217;outer&#8217; title_font_size_tablet=&#8217;51&#8217; title_line_height_tablet=&#8217;2&#8242; caption_font_size_tablet=&#8217;51&#8217; caption_line_height_tablet=&#8217;51&#8217; module_class=&#8217;portfolio-masonry&#8217; \/][\/et_pb_column][\/et_pb_row][\/et_pb_section]<\/p>\n","protected":false},"excerpt":{"rendered":"<p>CENTER [et_pb_lgs036_masonry_gallery _builder_version=&#8217;3.17.1&#8242; gallery_ids=&#8217;2478,2021,5023,3450,6931,4426,553,1020,3423,7269,2331,4561,1635,4191,4485,7424,1760,1701,1083,6976,4181,5696,7242,1133,1053,1104,1234,7727,7163,1393,5334,7649,7085,12,6915&#8242; gallery_orderby=&#8217;rand&#8217; gallery_responsive=&#8217;off&#8217; gallery_columns=&#8217;4&#8242; posts_number=&#8217;50&#8217; show_title_and_caption=&#8217;off&#8217; title_and_caption_position=&#8217;1&#8242; box_shadow_position_image=&#8217;outer&#8217; title_font_size_tablet=&#8217;51&#8217; title_line_height_tablet=&#8217;2&#8242; caption_font_size_tablet=&#8217;51&#8217; caption_line_height_tablet=&#8217;51&#8217; module_class=&#8217;portfolio-masonry&#8217; \/]<\/p>\n","protected":false},"author":8,"featured_media":0,"parent":5845,"menu_order":0,"comment_status":"closed","ping_status":"closed","template":"","meta":{"_et_pb_use_builder":"on","_et_pb_old_content":"","_et_gb_content_width":"","inline_featured_image":false,"footnotes":""},"class_list":["post-6978","page","type-page","status-publish","hentry"],"yoast_head":"<!-- This site is optimized with the Yoast SEO Premium plugin v22.2 (Yoast SEO v27.4) - https:\/\/yoast.com\/product\/yoast-seo-premium-wordpress\/ -->\n<title>Center - Dipos<\/title>\n<meta name=\"robots\" content=\"index, follow, max-snippet:-1, max-image-preview:large, max-video-preview:-1\" \/>\n<link rel=\"canonical\" href=\"https:\/\/dipos.rs\/en\/what-we-do\/portfolio\/center\/\" \/>\n<meta property=\"og:locale\" content=\"en_US\" \/>\n<meta property=\"og:type\" content=\"article\" \/>\n<meta property=\"og:title\" content=\"Center\" \/>\n<meta property=\"og:description\" content=\"CENTER [et_pb_lgs036_masonry_gallery _builder_version=&#039;3.17.1&#039; gallery_ids=&#039;2478,2021,5023,3450,6931,4426,553,1020,3423,7269,2331,4561,1635,4191,4485,7424,1760,1701,1083,6976,4181,5696,7242,1133,1053,1104,1234,7727,7163,1393,5334,7649,7085,12,6915&#039; gallery_orderby=&#039;rand&#039; gallery_responsive=&#039;off&#039; gallery_columns=&#039;4&#039; posts_number=&#039;50&#039; show_title_and_caption=&#039;off&#039; title_and_caption_position=&#039;1&#039; box_shadow_position_image=&#039;outer&#039; title_font_size_tablet=&#039;51&#039; title_line_height_tablet=&#039;2&#039; caption_font_size_tablet=&#039;51&#039; caption_line_height_tablet=&#039;51&#039; module_class=&#039;portfolio-masonry&#039; \/]\" \/>\n<meta property=\"og:url\" content=\"https:\/\/dipos.rs\/en\/what-we-do\/portfolio\/center\/\" \/>\n<meta property=\"og:site_name\" content=\"Dipos\" \/>\n<meta property=\"article:modified_time\" content=\"2018-12-24T23:33:51+00:00\" \/>\n<meta property=\"og:image\" content=\"https:\/\/dipos.rs\/wp-content\/uploads\/2022\/04\/logo-plavi.png\" \/>\n\t<meta property=\"og:image:width\" content=\"380\" \/>\n\t<meta property=\"og:image:height\" content=\"280\" \/>\n\t<meta property=\"og:image:type\" content=\"image\/png\" \/>\n<meta name=\"twitter:card\" content=\"summary_large_image\" \/>\n<meta name=\"twitter:label1\" content=\"Est. reading time\" \/>\n\t<meta name=\"twitter:data1\" content=\"1 minute\" \/>\n<script type=\"application\/ld+json\" class=\"yoast-schema-graph\">{\"@context\":\"https:\\\/\\\/schema.org\",\"@graph\":[{\"@type\":\"WebPage\",\"@id\":\"https:\\\/\\\/dipos.rs\\\/en\\\/what-we-do\\\/portfolio\\\/center\\\/\",\"url\":\"https:\\\/\\\/dipos.rs\\\/en\\\/what-we-do\\\/portfolio\\\/center\\\/\",\"name\":\"Center - Dipos\",\"isPartOf\":{\"@id\":\"https:\\\/\\\/dipos.rs\\\/en\\\/#website\"},\"datePublished\":\"2018-12-19T10:22:48+00:00\",\"dateModified\":\"2018-12-24T23:33:51+00:00\",\"breadcrumb\":{\"@id\":\"https:\\\/\\\/dipos.rs\\\/en\\\/what-we-do\\\/portfolio\\\/center\\\/#breadcrumb\"},\"inLanguage\":\"en-US\",\"potentialAction\":[{\"@type\":\"ReadAction\",\"target\":[\"https:\\\/\\\/dipos.rs\\\/en\\\/what-we-do\\\/portfolio\\\/center\\\/\"]}]},{\"@type\":\"BreadcrumbList\",\"@id\":\"https:\\\/\\\/dipos.rs\\\/en\\\/what-we-do\\\/portfolio\\\/center\\\/#breadcrumb\",\"itemListElement\":[{\"@type\":\"ListItem\",\"position\":1,\"name\":\"Home\",\"item\":\"https:\\\/\\\/dipos.rs\\\/en\\\/\"},{\"@type\":\"ListItem\",\"position\":2,\"name\":\"What we do\",\"item\":\"https:\\\/\\\/dipos.rs\\\/en\\\/what-we-do\\\/\"},{\"@type\":\"ListItem\",\"position\":3,\"name\":\"Portfolio\",\"item\":\"https:\\\/\\\/dipos.rs\\\/en\\\/what-we-do\\\/portfolio\\\/\"},{\"@type\":\"ListItem\",\"position\":4,\"name\":\"Center\"}]},{\"@type\":\"WebSite\",\"@id\":\"https:\\\/\\\/dipos.rs\\\/en\\\/#website\",\"url\":\"https:\\\/\\\/dipos.rs\\\/en\\\/\",\"name\":\"\u0414\u0438\u043f\u043e\u0441\",\"description\":\"Privredno dru\u0161tvo koje se bavi upravljanjem, izdavanjem i odr\u017eavanjem nekretnina u vlasni\u0161tvu Republike Srbije\",\"publisher\":{\"@id\":\"https:\\\/\\\/dipos.rs\\\/en\\\/#organization\"},\"potentialAction\":[{\"@type\":\"SearchAction\",\"target\":{\"@type\":\"EntryPoint\",\"urlTemplate\":\"https:\\\/\\\/dipos.rs\\\/en\\\/?s={search_term_string}\"},\"query-input\":{\"@type\":\"PropertyValueSpecification\",\"valueRequired\":true,\"valueName\":\"search_term_string\"}}],\"inLanguage\":\"en-US\"},{\"@type\":\"Organization\",\"@id\":\"https:\\\/\\\/dipos.rs\\\/en\\\/#organization\",\"name\":\"\u0414\u0438\u043f\u043e\u0441\",\"url\":\"https:\\\/\\\/dipos.rs\\\/en\\\/\",\"logo\":{\"@type\":\"ImageObject\",\"inLanguage\":\"en-US\",\"@id\":\"https:\\\/\\\/dipos.rs\\\/en\\\/#\\\/schema\\\/logo\\\/image\\\/\",\"url\":\"https:\\\/\\\/dipos.rs\\\/wp-content\\\/uploads\\\/2022\\\/04\\\/logo-plavi.png\",\"contentUrl\":\"https:\\\/\\\/dipos.rs\\\/wp-content\\\/uploads\\\/2022\\\/04\\\/logo-plavi.png\",\"width\":380,\"height\":280,\"caption\":\"\u0414\u0438\u043f\u043e\u0441\"},\"image\":{\"@id\":\"https:\\\/\\\/dipos.rs\\\/en\\\/#\\\/schema\\\/logo\\\/image\\\/\"}}]}<\/script>\n<!-- \/ Yoast SEO Premium plugin. -->","yoast_head_json":{"title":"Center - Dipos","robots":{"index":"index","follow":"follow","max-snippet":"max-snippet:-1","max-image-preview":"max-image-preview:large","max-video-preview":"max-video-preview:-1"},"canonical":"https:\/\/dipos.rs\/en\/what-we-do\/portfolio\/center\/","og_locale":"en_US","og_type":"article","og_title":"Center","og_description":"CENTER [et_pb_lgs036_masonry_gallery _builder_version='3.17.1' gallery_ids='2478,2021,5023,3450,6931,4426,553,1020,3423,7269,2331,4561,1635,4191,4485,7424,1760,1701,1083,6976,4181,5696,7242,1133,1053,1104,1234,7727,7163,1393,5334,7649,7085,12,6915' gallery_orderby='rand' gallery_responsive='off' gallery_columns='4' posts_number='50' show_title_and_caption='off' title_and_caption_position='1' box_shadow_position_image='outer' title_font_size_tablet='51' title_line_height_tablet='2' caption_font_size_tablet='51' caption_line_height_tablet='51' module_class='portfolio-masonry' \/]","og_url":"https:\/\/dipos.rs\/en\/what-we-do\/portfolio\/center\/","og_site_name":"Dipos","article_modified_time":"2018-12-24T23:33:51+00:00","og_image":[{"width":380,"height":280,"url":"https:\/\/dipos.rs\/wp-content\/uploads\/2022\/04\/logo-plavi.png","type":"image\/png"}],"twitter_card":"summary_large_image","twitter_misc":{"Est. reading time":"1 minute"},"schema":{"@context":"https:\/\/schema.org","@graph":[{"@type":"WebPage","@id":"https:\/\/dipos.rs\/en\/what-we-do\/portfolio\/center\/","url":"https:\/\/dipos.rs\/en\/what-we-do\/portfolio\/center\/","name":"Center - Dipos","isPartOf":{"@id":"https:\/\/dipos.rs\/en\/#website"},"datePublished":"2018-12-19T10:22:48+00:00","dateModified":"2018-12-24T23:33:51+00:00","breadcrumb":{"@id":"https:\/\/dipos.rs\/en\/what-we-do\/portfolio\/center\/#breadcrumb"},"inLanguage":"en-US","potentialAction":[{"@type":"ReadAction","target":["https:\/\/dipos.rs\/en\/what-we-do\/portfolio\/center\/"]}]},{"@type":"BreadcrumbList","@id":"https:\/\/dipos.rs\/en\/what-we-do\/portfolio\/center\/#breadcrumb","itemListElement":[{"@type":"ListItem","position":1,"name":"Home","item":"https:\/\/dipos.rs\/en\/"},{"@type":"ListItem","position":2,"name":"What we do","item":"https:\/\/dipos.rs\/en\/what-we-do\/"},{"@type":"ListItem","position":3,"name":"Portfolio","item":"https:\/\/dipos.rs\/en\/what-we-do\/portfolio\/"},{"@type":"ListItem","position":4,"name":"Center"}]},{"@type":"WebSite","@id":"https:\/\/dipos.rs\/en\/#website","url":"https:\/\/dipos.rs\/en\/","name":"\u0414\u0438\u043f\u043e\u0441","description":"Privredno dru\u0161tvo koje se bavi upravljanjem, izdavanjem i odr\u017eavanjem nekretnina u vlasni\u0161tvu Republike Srbije","publisher":{"@id":"https:\/\/dipos.rs\/en\/#organization"},"potentialAction":[{"@type":"SearchAction","target":{"@type":"EntryPoint","urlTemplate":"https:\/\/dipos.rs\/en\/?s={search_term_string}"},"query-input":{"@type":"PropertyValueSpecification","valueRequired":true,"valueName":"search_term_string"}}],"inLanguage":"en-US"},{"@type":"Organization","@id":"https:\/\/dipos.rs\/en\/#organization","name":"\u0414\u0438\u043f\u043e\u0441","url":"https:\/\/dipos.rs\/en\/","logo":{"@type":"ImageObject","inLanguage":"en-US","@id":"https:\/\/dipos.rs\/en\/#\/schema\/logo\/image\/","url":"https:\/\/dipos.rs\/wp-content\/uploads\/2022\/04\/logo-plavi.png","contentUrl":"https:\/\/dipos.rs\/wp-content\/uploads\/2022\/04\/logo-plavi.png","width":380,"height":280,"caption":"\u0414\u0438\u043f\u043e\u0441"},"image":{"@id":"https:\/\/dipos.rs\/en\/#\/schema\/logo\/image\/"}}]}},"_links":{"self":[{"href":"https:\/\/dipos.rs\/en\/wp-json\/wp\/v2\/pages\/6978","targetHints":{"allow":["GET"]}}],"collection":[{"href":"https:\/\/dipos.rs\/en\/wp-json\/wp\/v2\/pages"}],"about":[{"href":"https:\/\/dipos.rs\/en\/wp-json\/wp\/v2\/types\/page"}],"author":[{"embeddable":true,"href":"https:\/\/dipos.rs\/en\/wp-json\/wp\/v2\/users\/8"}],"replies":[{"embeddable":true,"href":"https:\/\/dipos.rs\/en\/wp-json\/wp\/v2\/comments?post=6978"}],"version-history":[{"count":0,"href":"https:\/\/dipos.rs\/en\/wp-json\/wp\/v2\/pages\/6978\/revisions"}],"up":[{"embeddable":true,"href":"https:\/\/dipos.rs\/en\/wp-json\/wp\/v2\/pages\/5845"}],"wp:attachment":[{"href":"https:\/\/dipos.rs\/en\/wp-json\/wp\/v2\/media?parent=6978"}],"curies":[{"name":"wp","href":"https:\/\/api.w.org\/{rel}","templated":true}]}}