{"id":7675,"date":"2018-11-14T15:16:41","date_gmt":"2018-11-14T14:16:41","guid":{"rendered":"https:\/\/5617F36E-A95D-4BCB-9D6D-3F1D27BA9394"},"modified":"2023-06-13T00:00:45","modified_gmt":"2023-06-12T22:00:45","slug":"our-history","status":"publish","type":"page","link":"https:\/\/dipos.rs\/en\/who-we-are\/our-history\/","title":{"rendered":"Our (hi)story"},"content":{"rendered":"<p>[et_pb_section bb_built=&#8221;1&#8243; next_background_color=&#8221;#ffffff&#8221; _builder_version=&#8221;3.17.1&#8243; background_image=&#8221;https:\/\/dipos.rs\/wp-content\/uploads\/2018\/11\/bgd-header-who-we-are-our-history.jpg&#8221; custom_padding=&#8221;||200px|&#8221; module_class=&#8221;section-header&#8221; inner_width=&#8221;auto&#8221; inner_max_width=&#8221;1100px&#8221;][et_pb_row background_position=&#8221;top_left&#8221; background_repeat=&#8221;repeat&#8221; background_size=&#8221;initial&#8221; width=&#8221;80%&#8221; max_width=&#8221;1100px&#8221;][et_pb_column type=&#8221;4_4&#8243; custom_padding__hover=&#8221;|||&#8221; custom_padding=&#8221;|||&#8221;][et_pb_text admin_label=&#8221;Section heading&#8221; _builder_version=&#8221;3.17.1&#8243; header_font=&#8221;|800|||||||&#8221; header_text_align=&#8221;center&#8221; header_text_color=&#8221;#ffffff&#8221; header_text_shadow_style=&#8221;preset2&#8243; header_font_size=&#8221;60px&#8221; header_text_shadow_blur_strength=&#8221;0.3em&#8221; header_font_size_tablet=&#8221;40px&#8221; header_font_size_last_edited=&#8221;on|tablet&#8221; text_orientation=&#8221;left&#8221;]<\/p>\n<h1>OUR (HI)STORY<\/h1>\n<p>[\/et_pb_text][\/et_pb_column][\/et_pb_row][\/et_pb_section][et_pb_section bb_built=&#8221;1&#8243; specialty=&#8221;off&#8221; prev_background_color=&#8221;#000000&#8243; _builder_version=&#8221;3.17.1&#8243; custom_padding=&#8221;0px|||&#8221; next_background_color=&#8221;#000000&#8243; custom_margin_tablet=&#8221;-50px|||&#8221; custom_margin_last_edited=&#8221;on|desktop&#8221; custom_padding_tablet=&#8221;0px||20px|&#8221; custom_padding_last_edited=&#8221;on|tablet&#8221; inner_width=&#8221;auto&#8221; inner_max_width=&#8221;1100px&#8221;][et_pb_row _builder_version=&#8221;3.17.1&#8243; custom_padding=&#8221;0px|||&#8221; width=&#8221;80%&#8221; max_width=&#8221;1100px&#8221;][et_pb_column type=&#8221;4_4&#8243; custom_padding__hover=&#8221;|||&#8221; custom_padding=&#8221;|||&#8221;][et_pb_text admin_label=&#8221;Intro text&#8221; _builder_version=&#8221;3.17.1&#8243; text_font=&#8221;|600|||||||&#8221; text_text_color=&#8221;#95793c&#8221; text_font_size=&#8221;18px&#8221; text_line_height=&#8221;30px&#8221; text_orientation=&#8221;center&#8221; max_width=&#8221;73%&#8221; module_alignment=&#8221;center&#8221; custom_margin=&#8221;||70px|&#8221; max_width_tablet=&#8221;100%&#8221; max_width_last_edited=&#8221;on|tablet&#8221; custom_margin_tablet=&#8221;||30px|&#8221; custom_margin_last_edited=&#8221;on|tablet&#8221;]<\/p>\n<p>\nOur story began in 1961 right after the adoption of the Vienna Convention on Diplomatic Relations, marking the beginning of the golden age of diplomacy.<\/p>\n<p>[\/et_pb_text][et_pb_text _builder_version=&#8221;3.17.1&#8243; text_text_color=&#8221;#808080&#8243; text_font_size=&#8221;16px&#8221; text_font=&#8221;|300|||||||&#8221; max_width=&#8221;73%&#8221; module_alignment=&#8221;center&#8221; max_width_tablet=&#8221;100%&#8221; max_width_last_edited=&#8221;on|desktop&#8221; text_orientation=&#8221;left&#8221;]<\/p>\n<div class=\"two-column-paragraph\">\n<p>Grasping the essence and the importance of the Convention, in 1962 the City of Belgrade, established a Directorate for the Management and Construction of Foreign Diplomatic and Consular Buildings and entrusted its management to the City of Belgrade\u2019s Real Estate Fund. The purpose of this was to establish a seamless procedure for managing all publicly owned properties that, at the time, were intended for housing foreign diplomatic and consular missions, international organisations and their employees.<\/p>\n<p>Through challenging times, and significant changes to the legal form and name of the management company, the Dipos team has remained dedicated to one goal \u2013 making expats and the diplomatic community in Serbia feel at home.<\/p>\n<\/div>\n<p>[\/et_pb_text][\/et_pb_column][\/et_pb_row][\/et_pb_section][et_pb_section bb_built=&#8221;1&#8243; specialty=&#8221;off&#8221; prev_background_color=&#8221;#ffffff&#8221; _builder_version=&#8221;3.17.1&#8243; use_background_color_gradient=&#8221;on&#8221; background_color_gradient_start=&#8221;#fceed3&#8243; background_color_gradient_end=&#8221;#fffcf6&#8243; background_color_gradient_direction=&#8221;135deg&#8221; background_color_gradient_end_position=&#8221;80%&#8221; custom_padding=&#8221;||190px|&#8221; custom_padding_tablet=&#8221;20px||100px|&#8221; custom_padding_last_edited=&#8221;on|tablet&#8221; inner_width=&#8221;auto&#8221; inner_max_width=&#8221;1100px&#8221;][et_pb_row background_position=&#8221;top_left&#8221; background_repeat=&#8221;repeat&#8221; background_size=&#8221;initial&#8221; _builder_version=&#8221;3.17.1&#8243; custom_css_main_element=&#8221;z-index: 10;&#8221; width=&#8221;80%&#8221; max_width=&#8221;1100px&#8221;][et_pb_column type=&#8221;4_4&#8243; custom_padding__hover=&#8221;|||&#8221; custom_padding=&#8221;|||&#8221;][et_pb_text admin_label=&#8221;Header&#8221; _builder_version=&#8221;3.17.1&#8243; header_2_font=&#8221;|600|||||||&#8221; header_2_text_align=&#8221;center&#8221; header_2_text_color=&#8221;#d6b05e&#8221; header_2_font_size=&#8221;40px&#8221; header_2_line_height=&#8221;50px&#8221; custom_margin=&#8221;||50px|&#8221; header_2_font_size_tablet=&#8221;30px&#8221; header_2_font_size_last_edited=&#8221;on|tablet&#8221; header_2_line_height_tablet=&#8221;35px&#8221; header_2_line_height_last_edited=&#8221;on|tablet&#8221; text_orientation=&#8221;left&#8221;]<\/p>\n<h2>HISTORY HIGHLIGHTS<\/h2>\n<p>[\/et_pb_text][et_pb_text admin_label=&#8221;Timeline&#8221; _builder_version=&#8221;4.4.5&#8243; module_class=&#8221;timeline&#8221; max_width=&#8221;73%&#8221; module_alignment=&#8221;center&#8221; text_font=&#8221;Cantata One||||||||&#8221; max_width_tablet=&#8221;100%&#8221; max_width_last_edited=&#8221;on|tablet&#8221; z_index_tablet=&#8221;500&#8243; text_text_shadow_horizontal_length=&#8221;text_text_shadow_style,%91object Object%93&#8243; text_text_shadow_horizontal_length_tablet=&#8221;0px&#8221; text_text_shadow_vertical_length=&#8221;text_text_shadow_style,%91object Object%93&#8243; text_text_shadow_vertical_length_tablet=&#8221;0px&#8221; text_text_shadow_blur_strength=&#8221;text_text_shadow_style,%91object Object%93&#8243; text_text_shadow_blur_strength_tablet=&#8221;1px&#8221; link_text_shadow_horizontal_length=&#8221;link_text_shadow_style,%91object Object%93&#8243; link_text_shadow_horizontal_length_tablet=&#8221;0px&#8221; link_text_shadow_vertical_length=&#8221;link_text_shadow_style,%91object Object%93&#8243; link_text_shadow_vertical_length_tablet=&#8221;0px&#8221; link_text_shadow_blur_strength=&#8221;link_text_shadow_style,%91object Object%93&#8243; link_text_shadow_blur_strength_tablet=&#8221;1px&#8221; ul_text_shadow_horizontal_length=&#8221;ul_text_shadow_style,%91object Object%93&#8243; ul_text_shadow_horizontal_length_tablet=&#8221;0px&#8221; ul_text_shadow_vertical_length=&#8221;ul_text_shadow_style,%91object Object%93&#8243; ul_text_shadow_vertical_length_tablet=&#8221;0px&#8221; ul_text_shadow_blur_strength=&#8221;ul_text_shadow_style,%91object Object%93&#8243; ul_text_shadow_blur_strength_tablet=&#8221;1px&#8221; ol_text_shadow_horizontal_length=&#8221;ol_text_shadow_style,%91object Object%93&#8243; ol_text_shadow_horizontal_length_tablet=&#8221;0px&#8221; ol_text_shadow_vertical_length=&#8221;ol_text_shadow_style,%91object Object%93&#8243; ol_text_shadow_vertical_length_tablet=&#8221;0px&#8221; ol_text_shadow_blur_strength=&#8221;ol_text_shadow_style,%91object Object%93&#8243; ol_text_shadow_blur_strength_tablet=&#8221;1px&#8221; quote_text_shadow_horizontal_length=&#8221;quote_text_shadow_style,%91object Object%93&#8243; quote_text_shadow_horizontal_length_tablet=&#8221;0px&#8221; quote_text_shadow_vertical_length=&#8221;quote_text_shadow_style,%91object Object%93&#8243; quote_text_shadow_vertical_length_tablet=&#8221;0px&#8221; quote_text_shadow_blur_strength=&#8221;quote_text_shadow_style,%91object Object%93&#8243; quote_text_shadow_blur_strength_tablet=&#8221;1px&#8221; header_text_shadow_horizontal_length=&#8221;header_text_shadow_style,%91object Object%93&#8243; header_text_shadow_horizontal_length_tablet=&#8221;0px&#8221; header_text_shadow_vertical_length=&#8221;header_text_shadow_style,%91object Object%93&#8243; header_text_shadow_vertical_length_tablet=&#8221;0px&#8221; header_text_shadow_blur_strength=&#8221;header_text_shadow_style,%91object Object%93&#8243; header_text_shadow_blur_strength_tablet=&#8221;1px&#8221; header_2_text_shadow_horizontal_length=&#8221;header_2_text_shadow_style,%91object Object%93&#8243; header_2_text_shadow_horizontal_length_tablet=&#8221;0px&#8221; header_2_text_shadow_vertical_length=&#8221;header_2_text_shadow_style,%91object Object%93&#8243; header_2_text_shadow_vertical_length_tablet=&#8221;0px&#8221; header_2_text_shadow_blur_strength=&#8221;header_2_text_shadow_style,%91object Object%93&#8243; header_2_text_shadow_blur_strength_tablet=&#8221;1px&#8221; header_3_text_shadow_horizontal_length=&#8221;header_3_text_shadow_style,%91object Object%93&#8243; header_3_text_shadow_horizontal_length_tablet=&#8221;0px&#8221; header_3_text_shadow_vertical_length=&#8221;header_3_text_shadow_style,%91object Object%93&#8243; header_3_text_shadow_vertical_length_tablet=&#8221;0px&#8221; header_3_text_shadow_blur_strength=&#8221;header_3_text_shadow_style,%91object Object%93&#8243; header_3_text_shadow_blur_strength_tablet=&#8221;1px&#8221; header_4_text_shadow_horizontal_length=&#8221;header_4_text_shadow_style,%91object Object%93&#8243; header_4_text_shadow_horizontal_length_tablet=&#8221;0px&#8221; header_4_text_shadow_vertical_length=&#8221;header_4_text_shadow_style,%91object Object%93&#8243; header_4_text_shadow_vertical_length_tablet=&#8221;0px&#8221; header_4_text_shadow_blur_strength=&#8221;header_4_text_shadow_style,%91object Object%93&#8243; header_4_text_shadow_blur_strength_tablet=&#8221;1px&#8221; header_5_text_shadow_horizontal_length=&#8221;header_5_text_shadow_style,%91object Object%93&#8243; header_5_text_shadow_horizontal_length_tablet=&#8221;0px&#8221; header_5_text_shadow_vertical_length=&#8221;header_5_text_shadow_style,%91object Object%93&#8243; header_5_text_shadow_vertical_length_tablet=&#8221;0px&#8221; header_5_text_shadow_blur_strength=&#8221;header_5_text_shadow_style,%91object Object%93&#8243; header_5_text_shadow_blur_strength_tablet=&#8221;1px&#8221; header_6_text_shadow_horizontal_length=&#8221;header_6_text_shadow_style,%91object Object%93&#8243; header_6_text_shadow_horizontal_length_tablet=&#8221;0px&#8221; header_6_text_shadow_vertical_length=&#8221;header_6_text_shadow_style,%91object Object%93&#8243; header_6_text_shadow_vertical_length_tablet=&#8221;0px&#8221; header_6_text_shadow_blur_strength=&#8221;header_6_text_shadow_style,%91object Object%93&#8243; header_6_text_shadow_blur_strength_tablet=&#8221;1px&#8221; box_shadow_horizontal_tablet=&#8221;0px&#8221; box_shadow_vertical_tablet=&#8221;0px&#8221; box_shadow_blur_tablet=&#8221;40px&#8221; box_shadow_spread_tablet=&#8221;0px&#8221; vertical_offset_tablet=&#8221;0&#8243; horizontal_offset_tablet=&#8221;0&#8243;]<\/p>\n<ul>\n<li><span class=\"year\">1961<\/span> <span class=\"description\">Signing of the Vienna Convention on Diplomatic Relations<\/span><\/li>\n<li><span class=\"year\">1962<\/span> <span class=\"description\">Establishment of the Directorate for the Management and Construction of Foreign, Diplomatic and Consular offices<\/span><\/li>\n<li><span class=\"year\">1964<\/span> <span class=\"description\">Mister Ljubomir Potkonjak, appointed as director<\/span><\/li>\n<li><span class=\"year\">1964<\/span> <span class=\"description\">Ratification of the Vienna Convention on Diplomatic Relations in the Social Federal Republic of Yugoslavia<\/span><\/li>\n<li><span class=\"year\">1965<\/span> <span class=\"description\">Directorate changes name to the Enterprise for Management of Buildings and Apartments for Foreign Diplomatic and Consular Missions<\/span><\/li>\n<li><span class=\"year\">1980<span style=\"font-size: 20px;\">\u2018s<\/span><\/span> <span class=\"description\">Construction of the Diplomatic colony in Banovo Brdo<\/span><\/li>\n<li><span class=\"year\">1988<\/span> <span class=\"description\">Mister Svetozar Babi\u0107, appointed as director<\/span><\/li>\n<li><span class=\"year\">1997<\/span> <span class=\"description\">Establishment of Dipos a.d. Belgrade (Diplomatic Housing Enterprise)<\/span><\/li>\n<li><span class=\"year\">1998<\/span> <span class=\"description\">Mister Milo\u0161 Lon\u010dar, appointed as director<\/span><\/li>\n<li><span class=\"year\">2001<\/span> <span class=\"description\">Mister Milan Mitrovi\u0107, appointed as director<\/span><\/li>\n<li><span class=\"year\">2004<\/span> <span class=\"description\">Mister Slobodan Kopanja, appointed as director<\/span><\/li>\n<li><span class=\"year\">2009<\/span> <span class=\"description\">Mister Kostadin Popovi\u0107, appointed as director<\/span><\/li>\n<li><span class=\"year\">2009<\/span> <span class=\"description\">The Republic of Serbia becomes the founder and 100% stakeholder of the Property management and rental company \u201cDipos\u201d d.o.o. Belgrade<\/span><\/li>\n<li><span class=\"year\">2014<\/span> <span class=\"description\">Mister \u0110oko Krivokapi\u0107, appointed as director<\/span><\/li>\n<li><span class=\"year\">2023<\/span> <span class=\"description\">Mrs. Bojana Martinovi\u0107, appointed as director<\/span><\/li>\n<\/ul>\n<p>[\/et_pb_text][\/et_pb_column][\/et_pb_row][et_pb_row _builder_version=&#8221;3.17.1&#8243; use_custom_width=&#8221;on&#8221; width_unit=&#8221;off&#8221; custom_width_percent=&#8221;100%&#8221; width=&#8221;100%&#8221; max_width=&#8221;100%&#8221;][et_pb_column type=&#8221;4_4&#8243; custom_padding__hover=&#8221;|||&#8221; custom_padding=&#8221;|||&#8221;][et_pb_image _builder_version=&#8221;3.17.1&#8243; src=&#8221;https:\/\/dipos.rs\/wp-content\/uploads\/2018\/11\/img-logo-our-history.png&#8221; align=&#8221;right&#8221; custom_margin=&#8221;-680px|20px||&#8221; align_last_edited=&#8221;on|desktop&#8221; align_tablet=&#8221;center&#8221; \/][\/et_pb_column][\/et_pb_row][\/et_pb_section]<\/p>\n","protected":false},"excerpt":{"rendered":"<p>OUR (HI)STORY Our story began in 1961 right after the adoption of the Vienna Convention on Diplomatic Relations, marking the beginning of the golden age of diplomacy. Grasping the essence and the importance of the Convention, in 1962 the City of Belgrade, established a Directorate for the Management and Construction of Foreign Diplomatic and Consular [&hellip;]<\/p>\n","protected":false},"author":8,"featured_media":0,"parent":1237,"menu_order":0,"comment_status":"closed","ping_status":"closed","template":"","meta":{"_et_pb_use_builder":"on","_et_pb_old_content":"","_et_gb_content_width":"","inline_featured_image":false,"footnotes":""},"class_list":["post-7675","page","type-page","status-publish","hentry"],"yoast_head":"<!-- This site is optimized with the Yoast SEO Premium plugin v22.2 (Yoast SEO v27.4) - https:\/\/yoast.com\/product\/yoast-seo-premium-wordpress\/ -->\n<title>Our (hi)story - Dipos<\/title>\n<meta name=\"robots\" content=\"index, follow, max-snippet:-1, max-image-preview:large, max-video-preview:-1\" \/>\n<link rel=\"canonical\" href=\"https:\/\/dipos.rs\/en\/who-we-are\/our-history\/\" \/>\n<meta property=\"og:locale\" content=\"en_US\" \/>\n<meta property=\"og:type\" content=\"article\" \/>\n<meta property=\"og:title\" content=\"Our (hi)story\" \/>\n<meta property=\"og:description\" content=\"OUR (HI)STORY Our story began in 1961 right after the adoption of the Vienna Convention on Diplomatic Relations, marking the beginning of the golden age of diplomacy. Grasping the essence and the importance of the Convention, in 1962 the City of Belgrade, established a Directorate for the Management and Construction of Foreign Diplomatic and Consular [&hellip;]\" \/>\n<meta property=\"og:url\" content=\"https:\/\/dipos.rs\/en\/who-we-are\/our-history\/\" \/>\n<meta property=\"og:site_name\" content=\"Dipos\" \/>\n<meta property=\"article:modified_time\" content=\"2023-06-12T22:00:45+00:00\" \/>\n<meta property=\"og:image\" content=\"https:\/\/dipos.rs\/wp-content\/uploads\/2022\/04\/logo-plavi.png\" \/>\n\t<meta property=\"og:image:width\" content=\"380\" \/>\n\t<meta property=\"og:image:height\" content=\"280\" \/>\n\t<meta property=\"og:image:type\" content=\"image\/png\" \/>\n<meta name=\"twitter:card\" content=\"summary_large_image\" \/>\n<meta name=\"twitter:label1\" content=\"Est. reading time\" \/>\n\t<meta name=\"twitter:data1\" content=\"7 minutes\" \/>\n<script type=\"application\/ld+json\" class=\"yoast-schema-graph\">{\"@context\":\"https:\\\/\\\/schema.org\",\"@graph\":[{\"@type\":\"WebPage\",\"@id\":\"https:\\\/\\\/dipos.rs\\\/en\\\/who-we-are\\\/our-history\\\/\",\"url\":\"https:\\\/\\\/dipos.rs\\\/en\\\/who-we-are\\\/our-history\\\/\",\"name\":\"Our (hi)story - Dipos\",\"isPartOf\":{\"@id\":\"https:\\\/\\\/dipos.rs\\\/en\\\/#website\"},\"datePublished\":\"2018-11-14T14:16:41+00:00\",\"dateModified\":\"2023-06-12T22:00:45+00:00\",\"breadcrumb\":{\"@id\":\"https:\\\/\\\/dipos.rs\\\/en\\\/who-we-are\\\/our-history\\\/#breadcrumb\"},\"inLanguage\":\"en-US\",\"potentialAction\":[{\"@type\":\"ReadAction\",\"target\":[\"https:\\\/\\\/dipos.rs\\\/en\\\/who-we-are\\\/our-history\\\/\"]}]},{\"@type\":\"BreadcrumbList\",\"@id\":\"https:\\\/\\\/dipos.rs\\\/en\\\/who-we-are\\\/our-history\\\/#breadcrumb\",\"itemListElement\":[{\"@type\":\"ListItem\",\"position\":1,\"name\":\"Home\",\"item\":\"https:\\\/\\\/dipos.rs\\\/en\\\/\"},{\"@type\":\"ListItem\",\"position\":2,\"name\":\"Who we are\",\"item\":\"https:\\\/\\\/dipos.rs\\\/en\\\/who-we-are\\\/\"},{\"@type\":\"ListItem\",\"position\":3,\"name\":\"Our (hi)story\"}]},{\"@type\":\"WebSite\",\"@id\":\"https:\\\/\\\/dipos.rs\\\/en\\\/#website\",\"url\":\"https:\\\/\\\/dipos.rs\\\/en\\\/\",\"name\":\"\u0414\u0438\u043f\u043e\u0441\",\"description\":\"Privredno dru\u0161tvo koje se bavi upravljanjem, izdavanjem i odr\u017eavanjem nekretnina u vlasni\u0161tvu Republike Srbije\",\"publisher\":{\"@id\":\"https:\\\/\\\/dipos.rs\\\/en\\\/#organization\"},\"potentialAction\":[{\"@type\":\"SearchAction\",\"target\":{\"@type\":\"EntryPoint\",\"urlTemplate\":\"https:\\\/\\\/dipos.rs\\\/en\\\/?s={search_term_string}\"},\"query-input\":{\"@type\":\"PropertyValueSpecification\",\"valueRequired\":true,\"valueName\":\"search_term_string\"}}],\"inLanguage\":\"en-US\"},{\"@type\":\"Organization\",\"@id\":\"https:\\\/\\\/dipos.rs\\\/en\\\/#organization\",\"name\":\"\u0414\u0438\u043f\u043e\u0441\",\"url\":\"https:\\\/\\\/dipos.rs\\\/en\\\/\",\"logo\":{\"@type\":\"ImageObject\",\"inLanguage\":\"en-US\",\"@id\":\"https:\\\/\\\/dipos.rs\\\/en\\\/#\\\/schema\\\/logo\\\/image\\\/\",\"url\":\"https:\\\/\\\/dipos.rs\\\/wp-content\\\/uploads\\\/2022\\\/04\\\/logo-plavi.png\",\"contentUrl\":\"https:\\\/\\\/dipos.rs\\\/wp-content\\\/uploads\\\/2022\\\/04\\\/logo-plavi.png\",\"width\":380,\"height\":280,\"caption\":\"\u0414\u0438\u043f\u043e\u0441\"},\"image\":{\"@id\":\"https:\\\/\\\/dipos.rs\\\/en\\\/#\\\/schema\\\/logo\\\/image\\\/\"}}]}<\/script>\n<!-- \/ Yoast SEO Premium plugin. -->","yoast_head_json":{"title":"Our (hi)story - Dipos","robots":{"index":"index","follow":"follow","max-snippet":"max-snippet:-1","max-image-preview":"max-image-preview:large","max-video-preview":"max-video-preview:-1"},"canonical":"https:\/\/dipos.rs\/en\/who-we-are\/our-history\/","og_locale":"en_US","og_type":"article","og_title":"Our (hi)story","og_description":"OUR (HI)STORY Our story began in 1961 right after the adoption of the Vienna Convention on Diplomatic Relations, marking the beginning of the golden age of diplomacy. Grasping the essence and the importance of the Convention, in 1962 the City of Belgrade, established a Directorate for the Management and Construction of Foreign Diplomatic and Consular [&hellip;]","og_url":"https:\/\/dipos.rs\/en\/who-we-are\/our-history\/","og_site_name":"Dipos","article_modified_time":"2023-06-12T22:00:45+00:00","og_image":[{"width":380,"height":280,"url":"https:\/\/dipos.rs\/wp-content\/uploads\/2022\/04\/logo-plavi.png","type":"image\/png"}],"twitter_card":"summary_large_image","twitter_misc":{"Est. reading time":"7 minutes"},"schema":{"@context":"https:\/\/schema.org","@graph":[{"@type":"WebPage","@id":"https:\/\/dipos.rs\/en\/who-we-are\/our-history\/","url":"https:\/\/dipos.rs\/en\/who-we-are\/our-history\/","name":"Our (hi)story - Dipos","isPartOf":{"@id":"https:\/\/dipos.rs\/en\/#website"},"datePublished":"2018-11-14T14:16:41+00:00","dateModified":"2023-06-12T22:00:45+00:00","breadcrumb":{"@id":"https:\/\/dipos.rs\/en\/who-we-are\/our-history\/#breadcrumb"},"inLanguage":"en-US","potentialAction":[{"@type":"ReadAction","target":["https:\/\/dipos.rs\/en\/who-we-are\/our-history\/"]}]},{"@type":"BreadcrumbList","@id":"https:\/\/dipos.rs\/en\/who-we-are\/our-history\/#breadcrumb","itemListElement":[{"@type":"ListItem","position":1,"name":"Home","item":"https:\/\/dipos.rs\/en\/"},{"@type":"ListItem","position":2,"name":"Who we are","item":"https:\/\/dipos.rs\/en\/who-we-are\/"},{"@type":"ListItem","position":3,"name":"Our (hi)story"}]},{"@type":"WebSite","@id":"https:\/\/dipos.rs\/en\/#website","url":"https:\/\/dipos.rs\/en\/","name":"\u0414\u0438\u043f\u043e\u0441","description":"Privredno dru\u0161tvo koje se bavi upravljanjem, izdavanjem i odr\u017eavanjem nekretnina u vlasni\u0161tvu Republike Srbije","publisher":{"@id":"https:\/\/dipos.rs\/en\/#organization"},"potentialAction":[{"@type":"SearchAction","target":{"@type":"EntryPoint","urlTemplate":"https:\/\/dipos.rs\/en\/?s={search_term_string}"},"query-input":{"@type":"PropertyValueSpecification","valueRequired":true,"valueName":"search_term_string"}}],"inLanguage":"en-US"},{"@type":"Organization","@id":"https:\/\/dipos.rs\/en\/#organization","name":"\u0414\u0438\u043f\u043e\u0441","url":"https:\/\/dipos.rs\/en\/","logo":{"@type":"ImageObject","inLanguage":"en-US","@id":"https:\/\/dipos.rs\/en\/#\/schema\/logo\/image\/","url":"https:\/\/dipos.rs\/wp-content\/uploads\/2022\/04\/logo-plavi.png","contentUrl":"https:\/\/dipos.rs\/wp-content\/uploads\/2022\/04\/logo-plavi.png","width":380,"height":280,"caption":"\u0414\u0438\u043f\u043e\u0441"},"image":{"@id":"https:\/\/dipos.rs\/en\/#\/schema\/logo\/image\/"}}]}},"_links":{"self":[{"href":"https:\/\/dipos.rs\/en\/wp-json\/wp\/v2\/pages\/7675","targetHints":{"allow":["GET"]}}],"collection":[{"href":"https:\/\/dipos.rs\/en\/wp-json\/wp\/v2\/pages"}],"about":[{"href":"https:\/\/dipos.rs\/en\/wp-json\/wp\/v2\/types\/page"}],"author":[{"embeddable":true,"href":"https:\/\/dipos.rs\/en\/wp-json\/wp\/v2\/users\/8"}],"replies":[{"embeddable":true,"href":"https:\/\/dipos.rs\/en\/wp-json\/wp\/v2\/comments?post=7675"}],"version-history":[{"count":0,"href":"https:\/\/dipos.rs\/en\/wp-json\/wp\/v2\/pages\/7675\/revisions"}],"up":[{"embeddable":true,"href":"https:\/\/dipos.rs\/en\/wp-json\/wp\/v2\/pages\/1237"}],"wp:attachment":[{"href":"https:\/\/dipos.rs\/en\/wp-json\/wp\/v2\/media?parent=7675"}],"curies":[{"name":"wp","href":"https:\/\/api.w.org\/{rel}","templated":true}]}}