{"id":7696,"date":"2020-06-17T11:30:25","date_gmt":"2020-06-17T09:30:25","guid":{"rendered":"https:\/\/51B900B9-844A-4CD6-BB12-248E8DFFF5E5"},"modified":"2022-05-10T12:58:51","modified_gmt":"2022-05-10T10:58:51","slug":"our-blog","status":"publish","type":"page","link":"https:\/\/dipos.rs\/en\/who-we-are\/our-blog\/","title":{"rendered":"Our blog"},"content":{"rendered":"<p>[et_pb_section bb_built=&#8217;1&#8242; next_background_color=&#8217;#ffffff&#8217; _builder_version=&#8217;3.21.4&#8242; background_image=&#8217;https:\/\/dipos.rs\/wp-content\/uploads\/2020\/06\/bgd-header-dipos-and-belgrade.jpg&#8217; custom_padding=&#8217;||220px|&#8217; module_class=&#8217;section-header&#8217; z_index_tablet=&#8217;500&#8242;][et_pb_row background_position=&#8217;top_left&#8217; background_repeat=&#8217;repeat&#8217; background_size=&#8217;initial&#8217;][et_pb_column type=&#8217;4_4&#8242;][et_pb_text admin_label=&#8217;Section heading&#8217; _builder_version=&#8217;3.21.4&#8242; header_font=&#8217;|800|||||||&#8217; header_text_align=&#8217;center&#8217; header_text_color=&#8217;#ffffff&#8217; header_text_shadow_style=&#8217;preset2&#8242; header_font_size=&#8217;60px&#8217; header_text_shadow_blur_strength=&#8217;0.3em&#8217; header_font_size_tablet=&#8217;40px&#8217; header_font_size_last_edited=&#8217;on|tablet&#8217; z_index_tablet=&#8217;500&#8242;]<\/p>\n<h1>OUR BLOG<\/h1>\n<p>[\/et_pb_text][\/et_pb_column][\/et_pb_row][\/et_pb_section][et_pb_section bb_built=&#8217;1&#8242; specialty=&#8217;off&#8217; prev_background_color=&#8217;#000000&#8242; _builder_version=&#8217;3.21.4&#8242; custom_padding=&#8217;0px||220px|&#8217; custom_margin_tablet=&#8217;-50px|||&#8217; custom_margin_last_edited=&#8217;on|desktop&#8217; z_index_tablet=&#8217;500&#8242; module_class=&#8217;blog-archive&#8217;][et_pb_row _builder_version=&#8217;3.17.1&#8242; custom_padding=&#8217;0px||0px|&#8217;][et_pb_column type=&#8217;4_4&#8242;][et_pb_text admin_label=&#8217;All blogs view&#8217; _builder_version=&#8217;3.21.4&#8242; z_index_tablet=&#8217;500&#8242;]<\/p>\n<form autocomplete=\"off\" name=\"wpv-filter-6938\" action=\"\/en\/wp-json\/wp\/v2\/pages\/7696?wpv_view_count=6938\" method=\"get\" class=\"wpv-filter-form js-wpv-filter-form js-wpv-filter-form-6938 js-wpv-form-full js-wpv-dps-enabled js-wpv-ajax-results-enabled\" data-viewnumber=\"6938\" data-viewid=\"6938\" data-viewhash=\"eyJuYW1lIjoiYmxvZy1hcmNoaXZlIn0=\" data-viewwidgetid=\"0\" data-orderby=\"\" data-order=\"\" data-orderbyas=\"\" data-orderbysecond=\"\" data-ordersecond=\"\" data-parametric=\"{&quot;query&quot;:&quot;normal&quot;,&quot;id&quot;:6938,&quot;view_id&quot;:6938,&quot;widget_id&quot;:0,&quot;view_hash&quot;:&quot;6938&quot;,&quot;action&quot;:&quot;\\\/en\\\/wp-json\\\/wp\\\/v2\\\/pages\\\/7696?wpv_view_count=6938&quot;,&quot;sort&quot;:{&quot;orderby&quot;:&quot;&quot;,&quot;order&quot;:&quot;&quot;,&quot;orderby_as&quot;:&quot;&quot;,&quot;orderby_second&quot;:&quot;&quot;,&quot;order_second&quot;:&quot;&quot;},&quot;orderby&quot;:&quot;&quot;,&quot;order&quot;:&quot;&quot;,&quot;orderby_as&quot;:&quot;&quot;,&quot;orderby_second&quot;:&quot;&quot;,&quot;order_second&quot;:&quot;&quot;,&quot;ajax_form&quot;:&quot;&quot;,&quot;ajax_results&quot;:&quot;&quot;,&quot;effect&quot;:&quot;fade&quot;,&quot;prebefore&quot;:&quot;&quot;,&quot;before&quot;:&quot;&quot;,&quot;after&quot;:&quot;&quot;,&quot;attributes&quot;:[],&quot;environment&quot;:{&quot;current_post_id&quot;:7696,&quot;parent_post_id&quot;:7696,&quot;parent_term_id&quot;:0,&quot;parent_user_id&quot;:0,&quot;archive&quot;:{&quot;type&quot;:&quot;&quot;,&quot;name&quot;:&quot;&quot;,&quot;data&quot;:[]}},&quot;loop&quot;:{&quot;type&quot;:&quot;&quot;,&quot;name&quot;:&quot;&quot;,&quot;data&quot;:[],&quot;id&quot;:0}}\" data-attributes=\"[]\" data-environment=\"{&quot;current_post_id&quot;:7696,&quot;parent_post_id&quot;:7696,&quot;parent_term_id&quot;:0,&quot;parent_user_id&quot;:0,&quot;archive&quot;:{&quot;type&quot;:&quot;&quot;,&quot;name&quot;:&quot;&quot;,&quot;data&quot;:[]}}\"><input type=\"hidden\" class=\"js-wpv-dps-filter-data js-wpv-filter-data-for-this-form\" data-action=\"\/en\/wp-json\/wp\/v2\/pages\/7696?wpv_view_count=6938\" data-page=\"1\" data-ajax=\"enable\" data-effect=\"fade\" data-maxpages=\"24\" data-ajaxprebefore=\"\" data-ajaxbefore=\"\" data-ajaxafter=\"\" \/><input class=\"wpv_view_count wpv_view_count-6938\" type=\"hidden\" name=\"wpv_view_count\" value=\"6938\" \/>\n\n<div class=\"form-group blog-categories\">\n\t<div class=\"radio\">\n\t\t\t\t\t\t\t\t\t<label for=\"blog-category-\"  class=\"\" >\n\t\t\t\t\t\t\t\t\t\t<input id=\"blog-category-\"  class=\"js-wpv-filter-trigger\"\n\t\t\t\t\t\t\t\t\t\t\tname=\"wpv-blog-category\" type=\"radio\" value=\"0\"  checked='checked'\n\t\t\t\t\t\t\t\t\t\t\/>\n\t\t\t\t\t\t\t\t\t\tAll\n\t\t\t\t\t\t\t\t\t<\/label>\n\t\t\t\t\t\t\t\t<\/div><div class=\"radio\"><label for=\"blog-category-bilateral-relationships\"><input type=\"radio\" id=\"blog-category-bilateral-relationships\" class=\"js-wpv-filter-trigger\" name=\"wpv-blog-category\" value=\"bilateral-relationships\" \/>BILATERAL RELATIONSHIPS<\/label><\/div><div class=\"radio\"><label for=\"blog-category-serbian-diplomats\"><input type=\"radio\" id=\"blog-category-serbian-diplomats\" class=\"js-wpv-filter-trigger\" name=\"wpv-blog-category\" value=\"serbian-diplomats\" \/>SERBIAN DIPLOMATS<\/label><\/div>\n<\/div>\n\n<\/form>\n<div id=\"wpv-view-layout-6938\" class=\"js-wpv-view-layout js-wpv-layout-responsive js-wpv-view-layout-6938\" data-viewnumber=\"6938\" data-pagination=\"{&quot;id&quot;:6938,&quot;query&quot;:&quot;normal&quot;,&quot;type&quot;:&quot;paged&quot;,&quot;effect&quot;:&quot;fade&quot;,&quot;duration&quot;:500,&quot;speed&quot;:5,&quot;pause_on_hover&quot;:&quot;disabled&quot;,&quot;stop_rollover&quot;:&quot;false&quot;,&quot;cache_pages&quot;:&quot;enabled&quot;,&quot;preload_images&quot;:&quot;enabled&quot;,&quot;preload_pages&quot;:&quot;enabled&quot;,&quot;preload_reach&quot;:1,&quot;spinner&quot;:&quot;builtin&quot;,&quot;spinner_image&quot;:&quot;&quot;,&quot;callback_next&quot;:&quot;activeLabel&quot;,&quot;manage_history&quot;:&quot;disabled&quot;,&quot;has_controls_in_form&quot;:&quot;disabled&quot;,&quot;infinite_tolerance&quot;:0,&quot;max_pages&quot;:24,&quot;page&quot;:1,&quot;base_permalink&quot;:&quot;\/en\/wp-json\/wp\/v2\/pages\/7696?wpv_view_count=6938&amp;wpv_paged=WPV_PAGE_NUM&quot;,&quot;loop&quot;:{&quot;type&quot;:&quot;&quot;,&quot;name&quot;:&quot;&quot;,&quot;data&quot;:[],&quot;id&quot;:0}}\" data-permalink=\"\/en\/wp-json\/wp\/v2\/pages\/7696?wpv_view_count=6938\">\n\n\t\n\t\n<div class=\"blog-wrapper\">\n\t\n\t\t<a href=\"https:\/\/dipos.rs\/en\/blog\/%d0%b5xclusive-interview-with-the-minister-of-sports-in-the-government-of-the-republic-of-serbia-zoran-gajic\/\" class=\"blog-link\"><div class=\"blog-item\">\n  <div class=\"image\" style='background-image:url(https:\/\/dipos.rs\/wp-content\/uploads\/2025\/11\/zoran-gajic42-26082025-1-1-300x217.jpg)'><\/div>\n  <div class=\"title\">\u0415xclusive interview with the Minister of Sports in the Government of the Republic of Serbia Zoran Gaji\u0107: Serbia is Where People Live for Sports<\/div>\n  <div class=\"excerpt\"><p>&#8220;There are no \u2018big\u2019 or \u2018small\u2019 sports. Each medal is equally important and serves to promote our country on the global stage&#8221;, says the Minister of Sport in the Government of the Republic of&#8230;<\/p>\n<\/div>\n<\/div><\/a>\n\t\n\t\t<a href=\"https:\/\/dipos.rs\/en\/blog\/director-of-dipos-bojana-martinovic-the-strength-of-the-team-is-the-measure-of-success\/\" class=\"blog-link\"><div class=\"blog-item\">\n  <div class=\"image\" style='background-image:url(https:\/\/dipos.rs\/wp-content\/uploads\/2025\/11\/Untitled-design-17-300x212.png)'><\/div>\n  <div class=\"title\">Director of Dipos Bojana Martinovi\u0107: The strength of the team is the measure of success<\/div>\n  <div class=\"excerpt\"><p>&#8220;After eighteen years of playing volleyball professionally, one of the most trophy-winning and most popular sports in Serbia\u2014I realized that sport was not only a part of my youthful passion,&#8230;<\/p>\n<\/div>\n<\/div><\/a>\n\t\n\t\t<a href=\"https:\/\/dipos.rs\/en\/blog\/h-e-nikola-nedeljkovic-ambassador-of-the-republic-of-serbia-to-the-hellenic-republic\/\" class=\"blog-link\"><div class=\"blog-item\">\n  <div class=\"image\" style='background-image:url(https:\/\/dipos.rs\/wp-content\/uploads\/2025\/11\/Amb-Nedeljkovic-300x217.jpg)'><\/div>\n  <div class=\"title\">H. E. Nikola Nedeljkovi\u0107, Ambassador of the Republic of Serbia to the Hellenic Republic<\/div>\n  <div class=\"excerpt\"><p>&#8220;As ambassador, I will aim not only to preserve the memory of glorious moments of our history, but also to make sure that the friendship and collaboration between our two countries and peopl&#8230;<\/p>\n<\/div>\n<\/div><\/a>\n\t\n\t\t<a href=\"https:\/\/dipos.rs\/en\/blog\/h-e-goran-aleksic-ambassador-of-the-republic-of-serbia-to-the-united-kingdom-of-great-britain-and-northern-ireland\/\" class=\"blog-link\"><div class=\"blog-item\">\n  <div class=\"image\" style='background-image:url()'><\/div>\n  <div class=\"title\">Interview with H. E. Goran Aleksi\u0107, Ambassador of the Republic of Serbia to the United Kingdom of Great Britain and Northern Ireland<\/div>\n  <div class=\"excerpt\"><p>The World May Be Getting Faster, but Diplomacy Must Not Be Hasty<\/p>\n<\/div>\n<\/div><\/a>\n\t\n\t\t<a href=\"https:\/\/dipos.rs\/en\/blog\/diposs-treasury-the-villa-located-at-17-andre-nikolic-street-is-unique-architectural-gem-of-pre-war-belgrade\/\" class=\"blog-link\"><div class=\"blog-item\">\n  <div class=\"image\" style='background-image:url()'><\/div>\n  <div class=\"title\">DIPOS\u2019S TREASURY: The villa located at 17 Andre Nikoli\u0107 Street &#8211; unique architectural gem of Pre-War Belgrade<\/div>\n  <div class=\"excerpt\"><p>The villa with its distinctive staircase tower, located at 17 Andre Nikoli\u0107 Street, is a true jewel in the portfolio of properties managed by Dipos. Deeply aware of the uniqueness of this bu&#8230;<\/p>\n<\/div>\n<\/div><\/a>\n\t\n\t\t<a href=\"https:\/\/dipos.rs\/en\/blog\/professor-aleksandar-rastovic-phd-cedomilj-mijatovic-is-the-last-victorian-of-serbia\/\" class=\"blog-link\"><div class=\"blog-item\">\n  <div class=\"image\" style='background-image:url(https:\/\/dipos.rs\/wp-content\/uploads\/2025\/11\/Aleksandar-Rastovic14-16072025-300x200.jpg)'><\/div>\n  <div class=\"title\">Professor Aleksandar Rastovi\u0107, PhD:  \u010cedomilj Mijatovi\u0107 is the Last Victorian of Serbia<\/div>\n  <div class=\"excerpt\"><p>&#8220;\u010cedomilj Mijatovi\u0107, renaissance personality of Serbian politics, diplomacy, economics, and culture, together with his wife, Elodie Lawton Mijatovi\u0107, occupies an indispensable place in the s&#8230;<\/p>\n<\/div>\n<\/div><\/a>\n\t\n<\/div>\n  <ul class=\"pagination\">\n\t<li class=\"page-item\"><\/li>\n\t<li class=\"page-item\"><a class=\"wpv-filter-next-link js-wpv-pagination-next-link page-link \"  href=\"\/en\/wp-json\/wp\/v2\/pages\/7696?wpv_view_count=6938&#038;wpv_paged=2\"\n\t\t\t\t\tdata-viewnumber=\"6938\" data-page=\"2\">Next<\/a><\/li>\n<\/ul>\n\t\n\t\n\t\n<\/div>\n\n<p>[\/et_pb_text][\/et_pb_column][\/et_pb_row][\/et_pb_section]<\/p>\n","protected":false},"excerpt":{"rendered":"<p>OUR BLOG {!{wpv-view name=&#8217;blog-archive&#8217;}!}<\/p>\n","protected":false},"author":8,"featured_media":0,"parent":1237,"menu_order":0,"comment_status":"closed","ping_status":"closed","template":"","meta":{"_et_pb_use_builder":"on","_et_pb_old_content":"","_et_gb_content_width":"","inline_featured_image":false,"footnotes":""},"class_list":["post-7696","page","type-page","status-publish","hentry"],"yoast_head":"<!-- This site is optimized with the Yoast SEO Premium plugin v22.2 (Yoast SEO v27.4) - https:\/\/yoast.com\/product\/yoast-seo-premium-wordpress\/ -->\n<title>Our blog - Dipos<\/title>\n<meta name=\"robots\" content=\"index, follow, max-snippet:-1, max-image-preview:large, max-video-preview:-1\" \/>\n<link rel=\"canonical\" href=\"https:\/\/dipos.rs\/en\/who-we-are\/our-blog\/\" \/>\n<meta property=\"og:locale\" content=\"en_US\" \/>\n<meta property=\"og:type\" content=\"article\" \/>\n<meta property=\"og:title\" content=\"Our blog\" \/>\n<meta property=\"og:description\" content=\"OUR BLOG {!{wpv-view name=&#039;blog-archive&#039;}!}\" \/>\n<meta property=\"og:url\" content=\"https:\/\/dipos.rs\/en\/who-we-are\/our-blog\/\" \/>\n<meta property=\"og:site_name\" content=\"Dipos\" \/>\n<meta property=\"article:modified_time\" content=\"2022-05-10T10:58:51+00:00\" \/>\n<meta property=\"og:image\" content=\"https:\/\/dipos.rs\/wp-content\/uploads\/2022\/04\/logo-plavi.png\" \/>\n\t<meta property=\"og:image:width\" content=\"380\" \/>\n\t<meta property=\"og:image:height\" content=\"280\" \/>\n\t<meta property=\"og:image:type\" content=\"image\/png\" \/>\n<meta name=\"twitter:card\" content=\"summary_large_image\" \/>\n<meta name=\"twitter:label1\" content=\"Est. reading time\" \/>\n\t<meta name=\"twitter:data1\" content=\"1 minute\" \/>\n<script type=\"application\/ld+json\" class=\"yoast-schema-graph\">{\"@context\":\"https:\\\/\\\/schema.org\",\"@graph\":[{\"@type\":\"WebPage\",\"@id\":\"https:\\\/\\\/dipos.rs\\\/en\\\/who-we-are\\\/our-blog\\\/\",\"url\":\"https:\\\/\\\/dipos.rs\\\/en\\\/who-we-are\\\/our-blog\\\/\",\"name\":\"Our blog - Dipos\",\"isPartOf\":{\"@id\":\"https:\\\/\\\/dipos.rs\\\/en\\\/#website\"},\"datePublished\":\"2020-06-17T09:30:25+00:00\",\"dateModified\":\"2022-05-10T10:58:51+00:00\",\"breadcrumb\":{\"@id\":\"https:\\\/\\\/dipos.rs\\\/en\\\/who-we-are\\\/our-blog\\\/#breadcrumb\"},\"inLanguage\":\"en-US\",\"potentialAction\":[{\"@type\":\"ReadAction\",\"target\":[\"https:\\\/\\\/dipos.rs\\\/en\\\/who-we-are\\\/our-blog\\\/\"]}]},{\"@type\":\"BreadcrumbList\",\"@id\":\"https:\\\/\\\/dipos.rs\\\/en\\\/who-we-are\\\/our-blog\\\/#breadcrumb\",\"itemListElement\":[{\"@type\":\"ListItem\",\"position\":1,\"name\":\"Home\",\"item\":\"https:\\\/\\\/dipos.rs\\\/en\\\/\"},{\"@type\":\"ListItem\",\"position\":2,\"name\":\"Who we are\",\"item\":\"https:\\\/\\\/dipos.rs\\\/en\\\/who-we-are\\\/\"},{\"@type\":\"ListItem\",\"position\":3,\"name\":\"Our blog\"}]},{\"@type\":\"WebSite\",\"@id\":\"https:\\\/\\\/dipos.rs\\\/en\\\/#website\",\"url\":\"https:\\\/\\\/dipos.rs\\\/en\\\/\",\"name\":\"\u0414\u0438\u043f\u043e\u0441\",\"description\":\"Privredno dru\u0161tvo koje se bavi upravljanjem, izdavanjem i odr\u017eavanjem nekretnina u vlasni\u0161tvu Republike Srbije\",\"publisher\":{\"@id\":\"https:\\\/\\\/dipos.rs\\\/en\\\/#organization\"},\"potentialAction\":[{\"@type\":\"SearchAction\",\"target\":{\"@type\":\"EntryPoint\",\"urlTemplate\":\"https:\\\/\\\/dipos.rs\\\/en\\\/?s={search_term_string}\"},\"query-input\":{\"@type\":\"PropertyValueSpecification\",\"valueRequired\":true,\"valueName\":\"search_term_string\"}}],\"inLanguage\":\"en-US\"},{\"@type\":\"Organization\",\"@id\":\"https:\\\/\\\/dipos.rs\\\/en\\\/#organization\",\"name\":\"\u0414\u0438\u043f\u043e\u0441\",\"url\":\"https:\\\/\\\/dipos.rs\\\/en\\\/\",\"logo\":{\"@type\":\"ImageObject\",\"inLanguage\":\"en-US\",\"@id\":\"https:\\\/\\\/dipos.rs\\\/en\\\/#\\\/schema\\\/logo\\\/image\\\/\",\"url\":\"https:\\\/\\\/dipos.rs\\\/wp-content\\\/uploads\\\/2022\\\/04\\\/logo-plavi.png\",\"contentUrl\":\"https:\\\/\\\/dipos.rs\\\/wp-content\\\/uploads\\\/2022\\\/04\\\/logo-plavi.png\",\"width\":380,\"height\":280,\"caption\":\"\u0414\u0438\u043f\u043e\u0441\"},\"image\":{\"@id\":\"https:\\\/\\\/dipos.rs\\\/en\\\/#\\\/schema\\\/logo\\\/image\\\/\"}}]}<\/script>\n<!-- \/ Yoast SEO Premium plugin. -->","yoast_head_json":{"title":"Our blog - Dipos","robots":{"index":"index","follow":"follow","max-snippet":"max-snippet:-1","max-image-preview":"max-image-preview:large","max-video-preview":"max-video-preview:-1"},"canonical":"https:\/\/dipos.rs\/en\/who-we-are\/our-blog\/","og_locale":"en_US","og_type":"article","og_title":"Our blog","og_description":"OUR BLOG {!{wpv-view name='blog-archive'}!}","og_url":"https:\/\/dipos.rs\/en\/who-we-are\/our-blog\/","og_site_name":"Dipos","article_modified_time":"2022-05-10T10:58:51+00:00","og_image":[{"width":380,"height":280,"url":"https:\/\/dipos.rs\/wp-content\/uploads\/2022\/04\/logo-plavi.png","type":"image\/png"}],"twitter_card":"summary_large_image","twitter_misc":{"Est. reading time":"1 minute"},"schema":{"@context":"https:\/\/schema.org","@graph":[{"@type":"WebPage","@id":"https:\/\/dipos.rs\/en\/who-we-are\/our-blog\/","url":"https:\/\/dipos.rs\/en\/who-we-are\/our-blog\/","name":"Our blog - Dipos","isPartOf":{"@id":"https:\/\/dipos.rs\/en\/#website"},"datePublished":"2020-06-17T09:30:25+00:00","dateModified":"2022-05-10T10:58:51+00:00","breadcrumb":{"@id":"https:\/\/dipos.rs\/en\/who-we-are\/our-blog\/#breadcrumb"},"inLanguage":"en-US","potentialAction":[{"@type":"ReadAction","target":["https:\/\/dipos.rs\/en\/who-we-are\/our-blog\/"]}]},{"@type":"BreadcrumbList","@id":"https:\/\/dipos.rs\/en\/who-we-are\/our-blog\/#breadcrumb","itemListElement":[{"@type":"ListItem","position":1,"name":"Home","item":"https:\/\/dipos.rs\/en\/"},{"@type":"ListItem","position":2,"name":"Who we are","item":"https:\/\/dipos.rs\/en\/who-we-are\/"},{"@type":"ListItem","position":3,"name":"Our blog"}]},{"@type":"WebSite","@id":"https:\/\/dipos.rs\/en\/#website","url":"https:\/\/dipos.rs\/en\/","name":"\u0414\u0438\u043f\u043e\u0441","description":"Privredno dru\u0161tvo koje se bavi upravljanjem, izdavanjem i odr\u017eavanjem nekretnina u vlasni\u0161tvu Republike Srbije","publisher":{"@id":"https:\/\/dipos.rs\/en\/#organization"},"potentialAction":[{"@type":"SearchAction","target":{"@type":"EntryPoint","urlTemplate":"https:\/\/dipos.rs\/en\/?s={search_term_string}"},"query-input":{"@type":"PropertyValueSpecification","valueRequired":true,"valueName":"search_term_string"}}],"inLanguage":"en-US"},{"@type":"Organization","@id":"https:\/\/dipos.rs\/en\/#organization","name":"\u0414\u0438\u043f\u043e\u0441","url":"https:\/\/dipos.rs\/en\/","logo":{"@type":"ImageObject","inLanguage":"en-US","@id":"https:\/\/dipos.rs\/en\/#\/schema\/logo\/image\/","url":"https:\/\/dipos.rs\/wp-content\/uploads\/2022\/04\/logo-plavi.png","contentUrl":"https:\/\/dipos.rs\/wp-content\/uploads\/2022\/04\/logo-plavi.png","width":380,"height":280,"caption":"\u0414\u0438\u043f\u043e\u0441"},"image":{"@id":"https:\/\/dipos.rs\/en\/#\/schema\/logo\/image\/"}}]}},"_links":{"self":[{"href":"https:\/\/dipos.rs\/en\/wp-json\/wp\/v2\/pages\/7696","targetHints":{"allow":["GET"]}}],"collection":[{"href":"https:\/\/dipos.rs\/en\/wp-json\/wp\/v2\/pages"}],"about":[{"href":"https:\/\/dipos.rs\/en\/wp-json\/wp\/v2\/types\/page"}],"author":[{"embeddable":true,"href":"https:\/\/dipos.rs\/en\/wp-json\/wp\/v2\/users\/8"}],"replies":[{"embeddable":true,"href":"https:\/\/dipos.rs\/en\/wp-json\/wp\/v2\/comments?post=7696"}],"version-history":[{"count":0,"href":"https:\/\/dipos.rs\/en\/wp-json\/wp\/v2\/pages\/7696\/revisions"}],"up":[{"embeddable":true,"href":"https:\/\/dipos.rs\/en\/wp-json\/wp\/v2\/pages\/1237"}],"wp:attachment":[{"href":"https:\/\/dipos.rs\/en\/wp-json\/wp\/v2\/media?parent=7696"}],"curies":[{"name":"wp","href":"https:\/\/api.w.org\/{rel}","templated":true}]}}